{"id":109,"date":"2021-08-04T23:29:51","date_gmt":"2021-08-04T23:29:51","guid":{"rendered":"http:\/\/www.ozgulmatbaa.net\/?page_id=109"},"modified":"2021-10-24T20:25:57","modified_gmt":"2021-10-24T20:25:57","slug":"kalem","status":"publish","type":"page","link":"https:\/\/www.ozgulmatbaa.net\/?page_id=109","title":{"rendered":"Kalem &#8211; \u00c7akmak &#8211; Saat"},"content":{"rendered":"\n<h3 class=\"has-text-align-center\"><span class=\"has-inline-color has-vivid-green-cyan-color\"><strong>PLAST\u0130K ve METAL KALEM MODELLER\u0130<\/strong><\/span><\/h3>\n\n\n\n<h4 class=\"has-text-align-center\"><strong><span class=\"has-inline-color has-black-color\">BASKILI-BASKISIZ, PLAST\u0130K-METAL T\u00dcM KALEM \u00d6RNEKLER\u0130 ve STOK DURUMU \u0130\u00c7\u0130N YETK\u0130L\u0130 \u0130LE \u0130LET\u0130\u015e\u0130ME GE\u00c7\u0130N\u0130Z.<\/span><\/strong><\/h4>\n\n\n\n<div class=\"wp-block-columns\">\n<div class=\"wp-block-column\">\n<figure class=\"wp-block-image size-large\"><img loading=\"lazy\" width=\"825\" height=\"1024\" src=\"http:\/\/www.ozgulmatbaa.net\/wp-content\/uploads\/2021\/10\/KM9101-METAL-KALEM-825x1024.png\" alt=\"\" class=\"wp-image-596\" srcset=\"https:\/\/www.ozgulmatbaa.net\/wp-content\/uploads\/2021\/10\/KM9101-METAL-KALEM-825x1024.png 825w, https:\/\/www.ozgulmatbaa.net\/wp-content\/uploads\/2021\/10\/KM9101-METAL-KALEM-242x300.png 242w, https:\/\/www.ozgulmatbaa.net\/wp-content\/uploads\/2021\/10\/KM9101-METAL-KALEM-768x953.png 768w, https:\/\/www.ozgulmatbaa.net\/wp-content\/uploads\/2021\/10\/KM9101-METAL-KALEM-1024x1270.png 1024w, https:\/\/www.ozgulmatbaa.net\/wp-content\/uploads\/2021\/10\/KM9101-METAL-KALEM-870x1080.png 870w, https:\/\/www.ozgulmatbaa.net\/wp-content\/uploads\/2021\/10\/KM9101-METAL-KALEM.png 1076w\" sizes=\"(max-width: 825px) 100vw, 825px\" \/><figcaption><strong><span class=\"has-inline-color has-vivid-green-cyan-color\">KM9101 METAL KALEM<\/span><\/strong><\/figcaption><\/figure>\n<\/div>\n\n\n\n<div class=\"wp-block-column\">\n<figure class=\"wp-block-image size-large is-resized\"><img loading=\"lazy\" src=\"http:\/\/www.ozgulmatbaa.net\/wp-content\/uploads\/2021\/10\/KM9102-METAL-KALEM-669x1024.png\" alt=\"\" class=\"wp-image-597\" width=\"309\" height=\"472\" srcset=\"https:\/\/www.ozgulmatbaa.net\/wp-content\/uploads\/2021\/10\/KM9102-METAL-KALEM-669x1024.png 669w, https:\/\/www.ozgulmatbaa.net\/wp-content\/uploads\/2021\/10\/KM9102-METAL-KALEM-196x300.png 196w, https:\/\/www.ozgulmatbaa.net\/wp-content\/uploads\/2021\/10\/KM9102-METAL-KALEM-768x1175.png 768w, https:\/\/www.ozgulmatbaa.net\/wp-content\/uploads\/2021\/10\/KM9102-METAL-KALEM-706x1080.png 706w, https:\/\/www.ozgulmatbaa.net\/wp-content\/uploads\/2021\/10\/KM9102-METAL-KALEM.png 862w\" sizes=\"(max-width: 309px) 100vw, 309px\" \/><figcaption> <strong><span class=\"has-inline-color has-vivid-green-cyan-color\">KM9102 METAL KALEM<\/span><\/strong> <\/figcaption><\/figure>\n<\/div>\n\n\n\n<div class=\"wp-block-column\">\n<figure class=\"wp-block-image size-large\"><img loading=\"lazy\" width=\"804\" height=\"1024\" src=\"http:\/\/www.ozgulmatbaa.net\/wp-content\/uploads\/2021\/10\/KP9102-PLASTIK-KALEM-804x1024.png\" alt=\"\" class=\"wp-image-598\" srcset=\"https:\/\/www.ozgulmatbaa.net\/wp-content\/uploads\/2021\/10\/KP9102-PLASTIK-KALEM-804x1024.png 804w, https:\/\/www.ozgulmatbaa.net\/wp-content\/uploads\/2021\/10\/KP9102-PLASTIK-KALEM-235x300.png 235w, https:\/\/www.ozgulmatbaa.net\/wp-content\/uploads\/2021\/10\/KP9102-PLASTIK-KALEM-768x978.png 768w, https:\/\/www.ozgulmatbaa.net\/wp-content\/uploads\/2021\/10\/KP9102-PLASTIK-KALEM-1024x1305.png 1024w, https:\/\/www.ozgulmatbaa.net\/wp-content\/uploads\/2021\/10\/KP9102-PLASTIK-KALEM-848x1080.png 848w, https:\/\/www.ozgulmatbaa.net\/wp-content\/uploads\/2021\/10\/KP9102-PLASTIK-KALEM.png 1040w\" sizes=\"(max-width: 804px) 100vw, 804px\" \/><figcaption><strong><span class=\"has-inline-color has-vivid-green-cyan-color\">KP9102 PLAST\u0130K KALEM<\/span><\/strong><\/figcaption><\/figure>\n<\/div>\n<\/div>\n\n\n\n<p><\/p>\n\n\n\n<div class=\"wp-block-columns\">\n<div class=\"wp-block-column\">\n<figure class=\"wp-block-image size-large is-resized\"><img loading=\"lazy\" src=\"http:\/\/www.ozgulmatbaa.net\/wp-content\/uploads\/2021\/10\/KP9103-PLASTIK-KALEM-634x1024.png\" alt=\"\" class=\"wp-image-600\" width=\"298\" height=\"481\" srcset=\"https:\/\/www.ozgulmatbaa.net\/wp-content\/uploads\/2021\/10\/KP9103-PLASTIK-KALEM-634x1024.png 634w, https:\/\/www.ozgulmatbaa.net\/wp-content\/uploads\/2021\/10\/KP9103-PLASTIK-KALEM-186x300.png 186w, https:\/\/www.ozgulmatbaa.net\/wp-content\/uploads\/2021\/10\/KP9103-PLASTIK-KALEM-768x1241.png 768w, https:\/\/www.ozgulmatbaa.net\/wp-content\/uploads\/2021\/10\/KP9103-PLASTIK-KALEM-668x1080.png 668w, https:\/\/www.ozgulmatbaa.net\/wp-content\/uploads\/2021\/10\/KP9103-PLASTIK-KALEM.png 846w\" sizes=\"(max-width: 298px) 100vw, 298px\" \/><figcaption><strong><span class=\"has-inline-color has-vivid-green-cyan-color\">KP9103 PLAST\u0130K KALEM<\/span><\/strong><\/figcaption><\/figure>\n<\/div>\n\n\n\n<div class=\"wp-block-column\">\n<figure class=\"wp-block-image size-large\"><img loading=\"lazy\" width=\"772\" height=\"1024\" src=\"http:\/\/www.ozgulmatbaa.net\/wp-content\/uploads\/2021\/10\/KP9105-PLASTIK-KALEM-772x1024.png\" alt=\"\" class=\"wp-image-601\" srcset=\"https:\/\/www.ozgulmatbaa.net\/wp-content\/uploads\/2021\/10\/KP9105-PLASTIK-KALEM-772x1024.png 772w, https:\/\/www.ozgulmatbaa.net\/wp-content\/uploads\/2021\/10\/KP9105-PLASTIK-KALEM-226x300.png 226w, https:\/\/www.ozgulmatbaa.net\/wp-content\/uploads\/2021\/10\/KP9105-PLASTIK-KALEM-768x1019.png 768w, https:\/\/www.ozgulmatbaa.net\/wp-content\/uploads\/2021\/10\/KP9105-PLASTIK-KALEM-814x1080.png 814w, https:\/\/www.ozgulmatbaa.net\/wp-content\/uploads\/2021\/10\/KP9105-PLASTIK-KALEM.png 1022w\" sizes=\"(max-width: 772px) 100vw, 772px\" \/><figcaption><strong><span class=\"has-inline-color has-vivid-green-cyan-color\">KP9105 PLAST\u0130K KALEM<\/span><\/strong><\/figcaption><\/figure>\n<\/div>\n\n\n\n<div class=\"wp-block-column\">\n<figure class=\"wp-block-image size-large\"><img loading=\"lazy\" width=\"815\" height=\"1024\" src=\"http:\/\/www.ozgulmatbaa.net\/wp-content\/uploads\/2021\/10\/KP9109-PLASTIK-KALEM-815x1024.png\" alt=\"\" class=\"wp-image-602\" srcset=\"https:\/\/www.ozgulmatbaa.net\/wp-content\/uploads\/2021\/10\/KP9109-PLASTIK-KALEM-815x1024.png 815w, https:\/\/www.ozgulmatbaa.net\/wp-content\/uploads\/2021\/10\/KP9109-PLASTIK-KALEM-239x300.png 239w, https:\/\/www.ozgulmatbaa.net\/wp-content\/uploads\/2021\/10\/KP9109-PLASTIK-KALEM-768x965.png 768w, https:\/\/www.ozgulmatbaa.net\/wp-content\/uploads\/2021\/10\/KP9109-PLASTIK-KALEM-1024x1286.png 1024w, https:\/\/www.ozgulmatbaa.net\/wp-content\/uploads\/2021\/10\/KP9109-PLASTIK-KALEM-860x1080.png 860w, https:\/\/www.ozgulmatbaa.net\/wp-content\/uploads\/2021\/10\/KP9109-PLASTIK-KALEM.png 1066w\" sizes=\"(max-width: 815px) 100vw, 815px\" \/><figcaption><strong><span class=\"has-inline-color has-vivid-green-cyan-color\">KP9109 PLAST\u0130K KALEM<\/span><\/strong><\/figcaption><\/figure>\n<\/div>\n<\/div>\n\n\n\n<p><strong><span class=\"has-inline-color has-vivid-green-cyan-color\"> Daha fazla \u00c7akmak \u00e7e\u015fitleri i\u00e7in Firma yetklisi ile ileti\u015fime ge\u00e7ip katalog talep ediniz. <\/span><\/strong><\/p>\n\n\n\n<h3 class=\"has-text-align-center\"><span class=\"has-inline-color has-luminous-vivid-orange-color\"><strong>\u00c7AKMAK MODELLER\u0130<\/strong><\/span><\/h3>\n\n\n\n<div class=\"wp-block-columns\">\n<div class=\"wp-block-column\">\n<figure class=\"wp-block-image size-full\"><img loading=\"lazy\" width=\"827\" height=\"986\" src=\"http:\/\/www.ozgulmatbaa.net\/wp-content\/uploads\/2021\/10\/CRICKET-Tasli-Cakmak.png\" alt=\"\" class=\"wp-image-611\" srcset=\"https:\/\/www.ozgulmatbaa.net\/wp-content\/uploads\/2021\/10\/CRICKET-Tasli-Cakmak.png 827w, https:\/\/www.ozgulmatbaa.net\/wp-content\/uploads\/2021\/10\/CRICKET-Tasli-Cakmak-252x300.png 252w, https:\/\/www.ozgulmatbaa.net\/wp-content\/uploads\/2021\/10\/CRICKET-Tasli-Cakmak-768x916.png 768w\" sizes=\"(max-width: 827px) 100vw, 827px\" \/><figcaption><strong><span class=\"has-inline-color has-luminous-vivid-orange-color\">CRICKET Ta\u015fl\u0131 \u00c7akmak<\/span><\/strong><\/figcaption><\/figure>\n<\/div>\n\n\n\n<div class=\"wp-block-column\">\n<figure class=\"wp-block-image size-full\"><img loading=\"lazy\" width=\"828\" height=\"986\" src=\"http:\/\/www.ozgulmatbaa.net\/wp-content\/uploads\/2021\/10\/Telefon-Tutuculu-Cakmak.png\" alt=\"\" class=\"wp-image-612\" srcset=\"https:\/\/www.ozgulmatbaa.net\/wp-content\/uploads\/2021\/10\/Telefon-Tutuculu-Cakmak.png 828w, https:\/\/www.ozgulmatbaa.net\/wp-content\/uploads\/2021\/10\/Telefon-Tutuculu-Cakmak-252x300.png 252w, https:\/\/www.ozgulmatbaa.net\/wp-content\/uploads\/2021\/10\/Telefon-Tutuculu-Cakmak-768x915.png 768w\" sizes=\"(max-width: 828px) 100vw, 828px\" \/><figcaption><strong><span class=\"has-inline-color has-luminous-vivid-orange-color\">Telefon Tutuculu \u00c7akmak<\/span><\/strong><\/figcaption><\/figure>\n<\/div>\n\n\n\n<div class=\"wp-block-column\">\n<figure class=\"wp-block-image size-full\"><img loading=\"lazy\" width=\"828\" height=\"986\" src=\"http:\/\/www.ozgulmatbaa.net\/wp-content\/uploads\/2021\/10\/CKM-O4-Cakmak.png\" alt=\"\" class=\"wp-image-613\" srcset=\"https:\/\/www.ozgulmatbaa.net\/wp-content\/uploads\/2021\/10\/CKM-O4-Cakmak.png 828w, https:\/\/www.ozgulmatbaa.net\/wp-content\/uploads\/2021\/10\/CKM-O4-Cakmak-252x300.png 252w, https:\/\/www.ozgulmatbaa.net\/wp-content\/uploads\/2021\/10\/CKM-O4-Cakmak-768x915.png 768w\" sizes=\"(max-width: 828px) 100vw, 828px\" \/><figcaption><strong><span class=\"has-inline-color has-luminous-vivid-orange-color\">CKM-O4 \u00c7akmak<\/span><\/strong><\/figcaption><\/figure>\n<\/div>\n<\/div>\n\n\n\n<p><strong><span class=\"has-inline-color has-luminous-vivid-orange-color\">Daha fazla \u00c7akmak \u00e7e\u015fitleri i\u00e7in Firma yetklisi ile ileti\u015fime ge\u00e7ip katalog talep ediniz.<\/span><\/strong><\/p>\n\n\n\n<h3 class=\"has-text-align-center\"><strong><span class=\"has-inline-color has-vivid-cyan-blue-color\">SAAT MODELLER\u0130<\/span><\/strong><\/h3>\n\n\n\n<div class=\"wp-block-columns\">\n<div class=\"wp-block-column\">\n<figure class=\"wp-block-image size-full\"><img loading=\"lazy\" width=\"600\" height=\"600\" src=\"http:\/\/www.ozgulmatbaa.net\/wp-content\/uploads\/2021\/10\/S91527-PLASTIK-DUVAR-SAATI.jpg\" alt=\"\" class=\"wp-image-622\" srcset=\"https:\/\/www.ozgulmatbaa.net\/wp-content\/uploads\/2021\/10\/S91527-PLASTIK-DUVAR-SAATI.jpg 600w, https:\/\/www.ozgulmatbaa.net\/wp-content\/uploads\/2021\/10\/S91527-PLASTIK-DUVAR-SAATI-300x300.jpg 300w, https:\/\/www.ozgulmatbaa.net\/wp-content\/uploads\/2021\/10\/S91527-PLASTIK-DUVAR-SAATI-150x150.jpg 150w\" sizes=\"(max-width: 600px) 100vw, 600px\" \/><figcaption><strong><span class=\"has-inline-color has-vivid-cyan-blue-color\">S91527 PLAST\u0130K DUVAR SAAT\u0130<\/span><\/strong><\/figcaption><\/figure>\n<\/div>\n\n\n\n<div class=\"wp-block-column\">\n<figure class=\"wp-block-image size-full\"><img loading=\"lazy\" width=\"600\" height=\"600\" src=\"http:\/\/www.ozgulmatbaa.net\/wp-content\/uploads\/2021\/10\/S91508-PLASTIK-DUVAR-SAATI.jpg\" alt=\"\" class=\"wp-image-623\" srcset=\"https:\/\/www.ozgulmatbaa.net\/wp-content\/uploads\/2021\/10\/S91508-PLASTIK-DUVAR-SAATI.jpg 600w, https:\/\/www.ozgulmatbaa.net\/wp-content\/uploads\/2021\/10\/S91508-PLASTIK-DUVAR-SAATI-300x300.jpg 300w, https:\/\/www.ozgulmatbaa.net\/wp-content\/uploads\/2021\/10\/S91508-PLASTIK-DUVAR-SAATI-150x150.jpg 150w\" sizes=\"(max-width: 600px) 100vw, 600px\" \/><figcaption><strong><span class=\"has-inline-color has-vivid-cyan-blue-color\">S91508 PLAST\u0130K DUVAR SAAT\u0130<\/span><\/strong><\/figcaption><\/figure>\n<\/div>\n\n\n\n<div class=\"wp-block-column\">\n<figure class=\"wp-block-image size-full\"><img loading=\"lazy\" width=\"600\" height=\"600\" src=\"http:\/\/www.ozgulmatbaa.net\/wp-content\/uploads\/2021\/10\/S91604-PLASTIK-DUVAR-SAATI.jpg\" alt=\"\" class=\"wp-image-624\" srcset=\"https:\/\/www.ozgulmatbaa.net\/wp-content\/uploads\/2021\/10\/S91604-PLASTIK-DUVAR-SAATI.jpg 600w, https:\/\/www.ozgulmatbaa.net\/wp-content\/uploads\/2021\/10\/S91604-PLASTIK-DUVAR-SAATI-300x300.jpg 300w, https:\/\/www.ozgulmatbaa.net\/wp-content\/uploads\/2021\/10\/S91604-PLASTIK-DUVAR-SAATI-150x150.jpg 150w\" sizes=\"(max-width: 600px) 100vw, 600px\" \/><figcaption><strong><span class=\"has-inline-color has-vivid-cyan-blue-color\">S91604 PLAST\u0130K DUVAR SAAT\u0130<\/span><\/strong><\/figcaption><\/figure>\n<\/div>\n<\/div>\n\n\n\n<div class=\"wp-block-columns\">\n<div class=\"wp-block-column\">\n<figure class=\"wp-block-image size-full\"><img loading=\"lazy\" width=\"600\" height=\"600\" src=\"http:\/\/www.ozgulmatbaa.net\/wp-content\/uploads\/2021\/10\/S91910-METAL-DUVAR-SAATI.jpg\" alt=\"\" class=\"wp-image-625\" srcset=\"https:\/\/www.ozgulmatbaa.net\/wp-content\/uploads\/2021\/10\/S91910-METAL-DUVAR-SAATI.jpg 600w, https:\/\/www.ozgulmatbaa.net\/wp-content\/uploads\/2021\/10\/S91910-METAL-DUVAR-SAATI-300x300.jpg 300w, https:\/\/www.ozgulmatbaa.net\/wp-content\/uploads\/2021\/10\/S91910-METAL-DUVAR-SAATI-150x150.jpg 150w\" sizes=\"(max-width: 600px) 100vw, 600px\" \/><figcaption><strong><span class=\"has-inline-color has-vivid-cyan-blue-color\">S91910 METAL DUVAR SAAT\u0130<\/span><\/strong><\/figcaption><\/figure>\n<\/div>\n\n\n\n<div class=\"wp-block-column\">\n<figure class=\"wp-block-image size-full\"><img loading=\"lazy\" width=\"600\" height=\"600\" src=\"http:\/\/www.ozgulmatbaa.net\/wp-content\/uploads\/2021\/10\/S91950-METAL-DUVAR-SAATI.jpg\" alt=\"\" class=\"wp-image-626\" srcset=\"https:\/\/www.ozgulmatbaa.net\/wp-content\/uploads\/2021\/10\/S91950-METAL-DUVAR-SAATI.jpg 600w, https:\/\/www.ozgulmatbaa.net\/wp-content\/uploads\/2021\/10\/S91950-METAL-DUVAR-SAATI-300x300.jpg 300w, https:\/\/www.ozgulmatbaa.net\/wp-content\/uploads\/2021\/10\/S91950-METAL-DUVAR-SAATI-150x150.jpg 150w\" sizes=\"(max-width: 600px) 100vw, 600px\" \/><figcaption><strong><span class=\"has-inline-color has-vivid-cyan-blue-color\">S91950 METAL DUVAR SAAT\u0130<\/span><\/strong><\/figcaption><\/figure>\n<\/div>\n\n\n\n<div class=\"wp-block-column\">\n<figure class=\"wp-block-image size-full\"><img loading=\"lazy\" width=\"600\" height=\"600\" src=\"http:\/\/www.ozgulmatbaa.net\/wp-content\/uploads\/2021\/10\/S91960-METAL-DUVAR-SAATI.jpg\" alt=\"\" class=\"wp-image-627\" srcset=\"https:\/\/www.ozgulmatbaa.net\/wp-content\/uploads\/2021\/10\/S91960-METAL-DUVAR-SAATI.jpg 600w, https:\/\/www.ozgulmatbaa.net\/wp-content\/uploads\/2021\/10\/S91960-METAL-DUVAR-SAATI-300x300.jpg 300w, https:\/\/www.ozgulmatbaa.net\/wp-content\/uploads\/2021\/10\/S91960-METAL-DUVAR-SAATI-150x150.jpg 150w\" sizes=\"(max-width: 600px) 100vw, 600px\" \/><figcaption><strong><span class=\"has-inline-color has-vivid-cyan-blue-color\">S91960 METAL DUVAR SAAT\u0130<\/span><\/strong><\/figcaption><\/figure>\n<\/div>\n<\/div>\n\n\n\n<p><strong><em><span class=\"has-inline-color has-vivid-red-color\">Yepyeni Modeller ve \u00e7ok daha fazlas\u0131 i\u00e7in yetkilinizden KATALOG istemeyi unutmay\u0131n.<\/span><\/em><\/strong><\/p>\n\n\n\n<p><strong><span class=\"has-inline-color has-vivid-red-color\">T<\/span><\/strong><span class=\"has-inline-color has-vivid-red-color\"><strong>elefon :<\/strong><\/span>\u00a00.212 407 04 38 \u2013 0.212 407 04 39<br><strong><span class=\"has-inline-color has-vivid-red-color\">GSM :<\/span><\/strong>\u00a00.549 632 06 10 \u2013 0.549 632 06 12<br><strong><span class=\"has-inline-color has-vivid-green-cyan-color\">WHATSAPP:<\/span><\/strong>\u00a00.549 632 06 10<br><strong><span class=\"has-inline-color has-vivid-red-color\">E-Mail :<\/span><\/strong>\u00a0info@ozgulmatbaa.net   \u2013   ozgulmatbaa@gmail.com<\/p>\n","protected":false},"excerpt":{"rendered":"<p>PLAST\u0130K ve METAL KALEM MODELLER\u0130 BASKILI-BASKISIZ, PLAST\u0130K-METAL T\u00dcM KALEM \u00d6RNEKLER\u0130 ve STOK DURUMU \u0130\u00c7\u0130N YETK\u0130L\u0130 \u0130LE \u0130LET\u0130\u015e\u0130ME GE\u00c7\u0130N\u0130Z. Daha fazla \u00c7akmak \u00e7e\u015fitleri i\u00e7in Firma yetklisi ile ileti\u015fime ge\u00e7ip katalog talep ediniz. \u00c7AKMAK MODELLER\u0130 Daha fazla \u00c7akmak \u00e7e\u015fitleri i\u00e7in Firma yetklisi ile ileti\u015fime ge\u00e7ip katalog talep ediniz. SAAT MODELLER\u0130 Yepyeni Modeller ve \u00e7ok daha fazlas\u0131 i\u00e7in&hellip; <br \/> <a class=\"read-more\" href=\"https:\/\/www.ozgulmatbaa.net\/?page_id=109\">Devam\u0131<\/a><\/p>\n","protected":false},"author":1,"featured_media":0,"parent":0,"menu_order":0,"comment_status":"closed","ping_status":"closed","template":"","meta":[],"_links":{"self":[{"href":"https:\/\/www.ozgulmatbaa.net\/index.php?rest_route=\/wp\/v2\/pages\/109"}],"collection":[{"href":"https:\/\/www.ozgulmatbaa.net\/index.php?rest_route=\/wp\/v2\/pages"}],"about":[{"href":"https:\/\/www.ozgulmatbaa.net\/index.php?rest_route=\/wp\/v2\/types\/page"}],"author":[{"embeddable":true,"href":"https:\/\/www.ozgulmatbaa.net\/index.php?rest_route=\/wp\/v2\/users\/1"}],"replies":[{"embeddable":true,"href":"https:\/\/www.ozgulmatbaa.net\/index.php?rest_route=%2Fwp%2Fv2%2Fcomments&post=109"}],"version-history":[{"count":28,"href":"https:\/\/www.ozgulmatbaa.net\/index.php?rest_route=\/wp\/v2\/pages\/109\/revisions"}],"predecessor-version":[{"id":651,"href":"https:\/\/www.ozgulmatbaa.net\/index.php?rest_route=\/wp\/v2\/pages\/109\/revisions\/651"}],"wp:attachment":[{"href":"https:\/\/www.ozgulmatbaa.net\/index.php?rest_route=%2Fwp%2Fv2%2Fmedia&parent=109"}],"curies":[{"name":"wp","href":"https:\/\/api.w.org\/{rel}","templated":true}]}}