{"id":23,"date":"2021-08-04T22:04:34","date_gmt":"2021-08-04T22:04:34","guid":{"rendered":"http:\/\/www.ozgulmatbaa.net\/?page_id=23"},"modified":"2024-04-30T20:20:09","modified_gmt":"2024-04-30T20:20:09","slug":"iletisim","status":"publish","type":"page","link":"https:\/\/www.ozgulmatbaa.net\/?page_id=23","title":{"rendered":"\u0130leti\u015fim"},"content":{"rendered":"\n<p><iframe loading=\"lazy\" style=\"border: 0;\" src=\"https:\/\/www.google.com\/maps\/embed?pb=!1m18!1m12!1m3!1d6014.941910881274!2d28.80249656141961!3d41.08055557136575!2m3!1f0!2f0!3f0!3m2!1i1024!2i768!4f13.1!3m3!1m2!1s0x0%3A0xd427e71529e4583b!2zw5Z6Z8O8bCBNYXRiYWPEsWzEsWs!5e0!3m2!1str!2str!4v1628118103451!5m2!1str!2str\" width=\"100%\" height=\"250\" allowfullscreen=\"allowfullscreen\"><\/iframe><\/p>\n\n\n\n<p class=\"has-text-align-center\"><strong>Adres :<\/strong> \u0130kitelli Org. San. B\u00f6lg. Triko Center San. Sit. M-3 Blok No: 48 Ba\u015fak\u015fehir \/ \u0130STANBUL<br><strong>GSM  :<\/strong> 0.549 632 06 10  &#8211;  0.549 632 06 12 &#8211; 0.540 632 06 10<br><strong>WHATSAPP:<\/strong> 0.549 632 06 10<br><strong>E-Mail :<\/strong> info@ozgulmatbaa.net    &#8211;    ozgulmatbaa@gmail.com<\/p>\n\n\n\n<p class=\"has-text-align-center\"><\/p>\n\n\n\n<div class=\"wp-block-image\"><figure class=\"aligncenter size-full\"><img loading=\"lazy\" width=\"291\" height=\"216\" src=\"http:\/\/www.ozgulmatbaa.net\/wp-content\/uploads\/2021\/08\/iletisimGorsel.jpg\" alt=\"\" class=\"wp-image-62\"\/><\/figure><\/div>\n","protected":false},"excerpt":{"rendered":"<p>Adres : \u0130kitelli Org. San. B\u00f6lg. Triko Center San. Sit. M-3 Blok No: 48 Ba\u015fak\u015fehir \/ \u0130STANBULGSM : 0.549 632 06 10 &#8211; 0.549 632 06 12 &#8211; 0.540 632 06 10WHATSAPP: 0.549 632 06 10E-Mail : info@ozgulmatbaa.net &#8211; ozgulmatbaa@gmail.com<\/p>\n","protected":false},"author":1,"featured_media":0,"parent":0,"menu_order":0,"comment_status":"closed","ping_status":"closed","template":"","meta":[],"_links":{"self":[{"href":"https:\/\/www.ozgulmatbaa.net\/index.php?rest_route=\/wp\/v2\/pages\/23"}],"collection":[{"href":"https:\/\/www.ozgulmatbaa.net\/index.php?rest_route=\/wp\/v2\/pages"}],"about":[{"href":"https:\/\/www.ozgulmatbaa.net\/index.php?rest_route=\/wp\/v2\/types\/page"}],"author":[{"embeddable":true,"href":"https:\/\/www.ozgulmatbaa.net\/index.php?rest_route=\/wp\/v2\/users\/1"}],"replies":[{"embeddable":true,"href":"https:\/\/www.ozgulmatbaa.net\/index.php?rest_route=%2Fwp%2Fv2%2Fcomments&post=23"}],"version-history":[{"count":13,"href":"https:\/\/www.ozgulmatbaa.net\/index.php?rest_route=\/wp\/v2\/pages\/23\/revisions"}],"predecessor-version":[{"id":668,"href":"https:\/\/www.ozgulmatbaa.net\/index.php?rest_route=\/wp\/v2\/pages\/23\/revisions\/668"}],"wp:attachment":[{"href":"https:\/\/www.ozgulmatbaa.net\/index.php?rest_route=%2Fwp%2Fv2%2Fmedia&parent=23"}],"curies":[{"name":"wp","href":"https:\/\/api.w.org\/{rel}","templated":true}]}}