{"id":247,"date":"2021-08-08T11:39:33","date_gmt":"2021-08-08T11:39:33","guid":{"rendered":"http:\/\/www.ozgulmatbaa.net\/?page_id=247"},"modified":"2021-08-08T11:39:33","modified_gmt":"2021-08-08T11:39:33","slug":"hisse-pay-senetleri","status":"publish","type":"page","link":"https:\/\/www.ozgulmatbaa.net\/?page_id=247","title":{"rendered":"Hisse Pay Senetleri"},"content":{"rendered":"\n<p class=\"has-text-align-center\">Hamiline ve Nama Yaz\u0131l\u0131 Kuponlu \/ Kuponsuz Hisse Pay Senedi<\/p>\n\n\n\n<p class=\"has-text-align-center\"><strong>\u0130ste\u011finiz \u00dczerine Farkl\u0131 Gramaj ve \u00c7e\u015fitlerde Ka\u011f\u0131tlara Bas\u0131labilmektedir.<\/strong><\/p>\n\n\n\n<div class=\"wp-block-image\"><figure class=\"aligncenter size-large is-resized\"><img loading=\"lazy\" src=\"http:\/\/www.ozgulmatbaa.net\/wp-content\/uploads\/2021\/08\/hisse-1-1024x732.png\" alt=\"\" class=\"wp-image-248\" width=\"689\" height=\"492\" srcset=\"https:\/\/www.ozgulmatbaa.net\/wp-content\/uploads\/2021\/08\/hisse-1-1024x732.png 1024w, https:\/\/www.ozgulmatbaa.net\/wp-content\/uploads\/2021\/08\/hisse-1-300x215.png 300w, https:\/\/www.ozgulmatbaa.net\/wp-content\/uploads\/2021\/08\/hisse-1-768x549.png 768w, https:\/\/www.ozgulmatbaa.net\/wp-content\/uploads\/2021\/08\/hisse-1-1536x1098.png 1536w, https:\/\/www.ozgulmatbaa.net\/wp-content\/uploads\/2021\/08\/hisse-1-2048x1465.png 2048w, https:\/\/www.ozgulmatbaa.net\/wp-content\/uploads\/2021\/08\/hisse-1-1510x1080.png 1510w\" sizes=\"(max-width: 689px) 100vw, 689px\" \/><\/figure><\/div>\n\n\n\n<div class=\"wp-block-image\"><figure class=\"aligncenter size-large is-resized\"><img loading=\"lazy\" src=\"http:\/\/www.ozgulmatbaa.net\/wp-content\/uploads\/2021\/08\/hisse-2-736x1024.png\" alt=\"\" class=\"wp-image-249\" width=\"620\" height=\"863\" srcset=\"https:\/\/www.ozgulmatbaa.net\/wp-content\/uploads\/2021\/08\/hisse-2-736x1024.png 736w, https:\/\/www.ozgulmatbaa.net\/wp-content\/uploads\/2021\/08\/hisse-2-216x300.png 216w, https:\/\/www.ozgulmatbaa.net\/wp-content\/uploads\/2021\/08\/hisse-2-768x1069.png 768w, https:\/\/www.ozgulmatbaa.net\/wp-content\/uploads\/2021\/08\/hisse-2-1104x1536.png 1104w, https:\/\/www.ozgulmatbaa.net\/wp-content\/uploads\/2021\/08\/hisse-2-1472x2048.png 1472w, https:\/\/www.ozgulmatbaa.net\/wp-content\/uploads\/2021\/08\/hisse-2-1024x1425.png 1024w, https:\/\/www.ozgulmatbaa.net\/wp-content\/uploads\/2021\/08\/hisse-2-776x1080.png 776w, https:\/\/www.ozgulmatbaa.net\/wp-content\/uploads\/2021\/08\/hisse-2.png 1476w\" sizes=\"(max-width: 620px) 100vw, 620px\" \/><\/figure><\/div>\n\n\n\n<div class=\"wp-block-image\"><figure class=\"aligncenter size-large is-resized\"><img loading=\"lazy\" src=\"http:\/\/www.ozgulmatbaa.net\/wp-content\/uploads\/2021\/08\/hisse-3-736x1024.png\" alt=\"\" class=\"wp-image-250\" width=\"609\" height=\"847\" srcset=\"https:\/\/www.ozgulmatbaa.net\/wp-content\/uploads\/2021\/08\/hisse-3-736x1024.png 736w, https:\/\/www.ozgulmatbaa.net\/wp-content\/uploads\/2021\/08\/hisse-3-216x300.png 216w, https:\/\/www.ozgulmatbaa.net\/wp-content\/uploads\/2021\/08\/hisse-3-768x1069.png 768w, https:\/\/www.ozgulmatbaa.net\/wp-content\/uploads\/2021\/08\/hisse-3-1104x1536.png 1104w, https:\/\/www.ozgulmatbaa.net\/wp-content\/uploads\/2021\/08\/hisse-3-1472x2048.png 1472w, https:\/\/www.ozgulmatbaa.net\/wp-content\/uploads\/2021\/08\/hisse-3-1024x1425.png 1024w, https:\/\/www.ozgulmatbaa.net\/wp-content\/uploads\/2021\/08\/hisse-3-776x1080.png 776w, https:\/\/www.ozgulmatbaa.net\/wp-content\/uploads\/2021\/08\/hisse-3.png 1476w\" sizes=\"(max-width: 609px) 100vw, 609px\" \/><\/figure><\/div>\n\n\n\n<div class=\"wp-block-image\"><figure class=\"aligncenter size-large is-resized\"><img loading=\"lazy\" src=\"http:\/\/www.ozgulmatbaa.net\/wp-content\/uploads\/2021\/08\/hisse-4-736x1024.png\" alt=\"\" class=\"wp-image-251\" width=\"627\" height=\"872\" srcset=\"https:\/\/www.ozgulmatbaa.net\/wp-content\/uploads\/2021\/08\/hisse-4-736x1024.png 736w, https:\/\/www.ozgulmatbaa.net\/wp-content\/uploads\/2021\/08\/hisse-4-216x300.png 216w, https:\/\/www.ozgulmatbaa.net\/wp-content\/uploads\/2021\/08\/hisse-4-768x1069.png 768w, https:\/\/www.ozgulmatbaa.net\/wp-content\/uploads\/2021\/08\/hisse-4-1104x1536.png 1104w, https:\/\/www.ozgulmatbaa.net\/wp-content\/uploads\/2021\/08\/hisse-4-1472x2048.png 1472w, https:\/\/www.ozgulmatbaa.net\/wp-content\/uploads\/2021\/08\/hisse-4-1024x1425.png 1024w, https:\/\/www.ozgulmatbaa.net\/wp-content\/uploads\/2021\/08\/hisse-4-776x1080.png 776w, https:\/\/www.ozgulmatbaa.net\/wp-content\/uploads\/2021\/08\/hisse-4.png 1476w\" sizes=\"(max-width: 627px) 100vw, 627px\" \/><\/figure><\/div>\n","protected":false},"excerpt":{"rendered":"<p>Hamiline ve Nama Yaz\u0131l\u0131 Kuponlu \/ Kuponsuz Hisse Pay Senedi \u0130ste\u011finiz \u00dczerine Farkl\u0131 Gramaj ve \u00c7e\u015fitlerde Ka\u011f\u0131tlara Bas\u0131labilmektedir.<\/p>\n","protected":false},"author":1,"featured_media":0,"parent":0,"menu_order":0,"comment_status":"closed","ping_status":"closed","template":"","meta":[],"_links":{"self":[{"href":"https:\/\/www.ozgulmatbaa.net\/index.php?rest_route=\/wp\/v2\/pages\/247"}],"collection":[{"href":"https:\/\/www.ozgulmatbaa.net\/index.php?rest_route=\/wp\/v2\/pages"}],"about":[{"href":"https:\/\/www.ozgulmatbaa.net\/index.php?rest_route=\/wp\/v2\/types\/page"}],"author":[{"embeddable":true,"href":"https:\/\/www.ozgulmatbaa.net\/index.php?rest_route=\/wp\/v2\/users\/1"}],"replies":[{"embeddable":true,"href":"https:\/\/www.ozgulmatbaa.net\/index.php?rest_route=%2Fwp%2Fv2%2Fcomments&post=247"}],"version-history":[{"count":1,"href":"https:\/\/www.ozgulmatbaa.net\/index.php?rest_route=\/wp\/v2\/pages\/247\/revisions"}],"predecessor-version":[{"id":252,"href":"https:\/\/www.ozgulmatbaa.net\/index.php?rest_route=\/wp\/v2\/pages\/247\/revisions\/252"}],"wp:attachment":[{"href":"https:\/\/www.ozgulmatbaa.net\/index.php?rest_route=%2Fwp%2Fv2%2Fmedia&parent=247"}],"curies":[{"name":"wp","href":"https:\/\/api.w.org\/{rel}","templated":true}]}}