{"id":527,"date":"2021-10-24T10:12:57","date_gmt":"2021-10-24T10:12:57","guid":{"rendered":"http:\/\/www.ozgulmatbaa.net\/?page_id=527"},"modified":"2021-10-24T20:37:48","modified_gmt":"2021-10-24T20:37:48","slug":"piramit-takvim","status":"publish","type":"page","link":"https:\/\/www.ozgulmatbaa.net\/?page_id=527","title":{"rendered":"Piramit Takvim"},"content":{"rendered":"\n<h2 class=\"has-text-align-center\"><span class=\"has-inline-color has-vivid-cyan-blue-color\"><strong>2022 Y\u0131l\u0131 Piramit Takvimlerimiz<\/strong><\/span><\/h2>\n\n\n\n<p class=\"has-text-align-center\"><strong><span class=\"has-inline-color has-vivid-red-color\">2022 Y\u0131l\u0131na \u00f6zel resimlerle Haz\u0131rlad\u0131\u011f\u0131m\u0131z Piramit Takvimlerin yan\u0131 s\u0131ra Firmaniza, kurumunuza \u00f6zel resimlerle ki\u015fiye \u00f6zel takvimler yap\u0131yoruz.<\/span> <\/strong><\/p>\n\n\n\n<div class=\"wp-block-columns\">\n<div class=\"wp-block-column\">\n<figure class=\"wp-block-image size-full\"><img loading=\"lazy\" width=\"375\" height=\"375\" src=\"http:\/\/www.ozgulmatbaa.net\/wp-content\/uploads\/2021\/10\/ppp1.jpg\" alt=\"\" class=\"wp-image-659\" srcset=\"https:\/\/www.ozgulmatbaa.net\/wp-content\/uploads\/2021\/10\/ppp1.jpg 375w, https:\/\/www.ozgulmatbaa.net\/wp-content\/uploads\/2021\/10\/ppp1-300x300.jpg 300w, https:\/\/www.ozgulmatbaa.net\/wp-content\/uploads\/2021\/10\/ppp1-150x150.jpg 150w\" sizes=\"(max-width: 375px) 100vw, 375px\" \/><figcaption><strong><span class=\"has-inline-color has-vivid-cyan-blue-color\">P91661<\/span><\/strong><\/figcaption><\/figure>\n<\/div>\n\n\n\n<div class=\"wp-block-column\">\n<figure class=\"wp-block-image size-large\"><img loading=\"lazy\" width=\"1024\" height=\"1024\" src=\"http:\/\/www.ozgulmatbaa.net\/wp-content\/uploads\/2021\/10\/ppp2-1024x1024.jpg\" alt=\"\" class=\"wp-image-660\" srcset=\"https:\/\/www.ozgulmatbaa.net\/wp-content\/uploads\/2021\/10\/ppp2-1024x1024.jpg 1024w, https:\/\/www.ozgulmatbaa.net\/wp-content\/uploads\/2021\/10\/ppp2-300x300.jpg 300w, https:\/\/www.ozgulmatbaa.net\/wp-content\/uploads\/2021\/10\/ppp2-150x150.jpg 150w, https:\/\/www.ozgulmatbaa.net\/wp-content\/uploads\/2021\/10\/ppp2-768x768.jpg 768w, https:\/\/www.ozgulmatbaa.net\/wp-content\/uploads\/2021\/10\/ppp2-1080x1080.jpg 1080w, https:\/\/www.ozgulmatbaa.net\/wp-content\/uploads\/2021\/10\/ppp2.jpg 1500w\" sizes=\"(max-width: 1024px) 100vw, 1024px\" \/><figcaption> <strong><span class=\"has-inline-color has-vivid-cyan-blue-color\">P91662<\/span><\/strong><\/figcaption><\/figure>\n<\/div>\n\n\n\n<div class=\"wp-block-column\">\n<figure class=\"wp-block-image size-large\"><img loading=\"lazy\" width=\"1024\" height=\"640\" src=\"http:\/\/www.ozgulmatbaa.net\/wp-content\/uploads\/2021\/10\/ppp3-1024x640.jpg\" alt=\"\" class=\"wp-image-661\" srcset=\"https:\/\/www.ozgulmatbaa.net\/wp-content\/uploads\/2021\/10\/ppp3-1024x640.jpg 1024w, https:\/\/www.ozgulmatbaa.net\/wp-content\/uploads\/2021\/10\/ppp3-300x188.jpg 300w, https:\/\/www.ozgulmatbaa.net\/wp-content\/uploads\/2021\/10\/ppp3-768x480.jpg 768w, https:\/\/www.ozgulmatbaa.net\/wp-content\/uploads\/2021\/10\/ppp3-1536x960.jpg 1536w, https:\/\/www.ozgulmatbaa.net\/wp-content\/uploads\/2021\/10\/ppp3-1728x1080.jpg 1728w, https:\/\/www.ozgulmatbaa.net\/wp-content\/uploads\/2021\/10\/ppp3.jpg 1920w\" sizes=\"(max-width: 1024px) 100vw, 1024px\" \/><figcaption> <strong><span class=\"has-inline-color has-vivid-cyan-blue-color\">P91663<\/span><\/strong> <\/figcaption><\/figure>\n<\/div>\n<\/div>\n\n\n\n<div class=\"wp-block-columns\">\n<div class=\"wp-block-column\">\n<figure class=\"wp-block-image size-full\"><img loading=\"lazy\" width=\"1000\" height=\"1000\" src=\"http:\/\/www.ozgulmatbaa.net\/wp-content\/uploads\/2021\/10\/ppp4.jpg\" alt=\"\" class=\"wp-image-662\" srcset=\"https:\/\/www.ozgulmatbaa.net\/wp-content\/uploads\/2021\/10\/ppp4.jpg 1000w, https:\/\/www.ozgulmatbaa.net\/wp-content\/uploads\/2021\/10\/ppp4-300x300.jpg 300w, https:\/\/www.ozgulmatbaa.net\/wp-content\/uploads\/2021\/10\/ppp4-150x150.jpg 150w, https:\/\/www.ozgulmatbaa.net\/wp-content\/uploads\/2021\/10\/ppp4-768x768.jpg 768w\" sizes=\"(max-width: 1000px) 100vw, 1000px\" \/><figcaption> <strong><span class=\"has-inline-color has-vivid-cyan-blue-color\">P91664<\/span><\/strong><\/figcaption><\/figure>\n<\/div>\n\n\n\n<div class=\"wp-block-column\"><\/div>\n\n\n\n<div class=\"wp-block-column\"><\/div>\n<\/div>\n\n\n\n<h4><strong><span class=\"has-inline-color has-vivid-cyan-blue-color\">Daha Fazla Takvim \u00d6rnekleri i\u00e7in firma yetkilisinden KATALOG isteyiniz.<\/span><\/strong><\/h4>\n\n\n\n<p><strong><span class=\"has-inline-color has-vivid-red-color\">Telefon :<\/span><\/strong>\u00a00.212 407 04 38 \u2013 0.212 407 04 39<br><strong><span class=\"has-inline-color has-vivid-red-color\">GSM :<\/span><\/strong>\u00a00.549 632 06 10 \u2013 0.549 632 06 12<br><strong><span class=\"has-inline-color has-vivid-green-cyan-color\">WHATSAPP:<\/span><\/strong>\u00a00.549 632 06 10<br><strong><span class=\"has-inline-color has-vivid-red-color\">E-Mail :<\/span><\/strong>\u00a0info@ozgulmatbaa.net \u2013 ozgulmatbaa@gmail.com<\/p>\n","protected":false},"excerpt":{"rendered":"<p>2022 Y\u0131l\u0131 Piramit Takvimlerimiz 2022 Y\u0131l\u0131na \u00f6zel resimlerle Haz\u0131rlad\u0131\u011f\u0131m\u0131z Piramit Takvimlerin yan\u0131 s\u0131ra Firmaniza, kurumunuza \u00f6zel resimlerle ki\u015fiye \u00f6zel takvimler yap\u0131yoruz. Daha Fazla Takvim \u00d6rnekleri i\u00e7in firma yetkilisinden KATALOG isteyiniz. Telefon :\u00a00.212 407 04 38 \u2013 0.212 407 04 39GSM :\u00a00.549 632 06 10 \u2013 0.549 632 06 12WHATSAPP:\u00a00.549 632 06 10E-Mail :\u00a0info@ozgulmatbaa.net \u2013 ozgulmatbaa@gmail.com<\/p>\n","protected":false},"author":1,"featured_media":0,"parent":0,"menu_order":0,"comment_status":"closed","ping_status":"closed","template":"","meta":[],"_links":{"self":[{"href":"https:\/\/www.ozgulmatbaa.net\/index.php?rest_route=\/wp\/v2\/pages\/527"}],"collection":[{"href":"https:\/\/www.ozgulmatbaa.net\/index.php?rest_route=\/wp\/v2\/pages"}],"about":[{"href":"https:\/\/www.ozgulmatbaa.net\/index.php?rest_route=\/wp\/v2\/types\/page"}],"author":[{"embeddable":true,"href":"https:\/\/www.ozgulmatbaa.net\/index.php?rest_route=\/wp\/v2\/users\/1"}],"replies":[{"embeddable":true,"href":"https:\/\/www.ozgulmatbaa.net\/index.php?rest_route=%2Fwp%2Fv2%2Fcomments&post=527"}],"version-history":[{"count":10,"href":"https:\/\/www.ozgulmatbaa.net\/index.php?rest_route=\/wp\/v2\/pages\/527\/revisions"}],"predecessor-version":[{"id":664,"href":"https:\/\/www.ozgulmatbaa.net\/index.php?rest_route=\/wp\/v2\/pages\/527\/revisions\/664"}],"wp:attachment":[{"href":"https:\/\/www.ozgulmatbaa.net\/index.php?rest_route=%2Fwp%2Fv2%2Fmedia&parent=527"}],"curies":[{"name":"wp","href":"https:\/\/api.w.org\/{rel}","templated":true}]}}