{"id":529,"date":"2021-10-24T10:13:18","date_gmt":"2021-10-24T10:13:18","guid":{"rendered":"http:\/\/www.ozgulmatbaa.net\/?page_id=529"},"modified":"2021-10-24T20:09:45","modified_gmt":"2021-10-24T20:09:45","slug":"defter","status":"publish","type":"page","link":"https:\/\/www.ozgulmatbaa.net\/?page_id=529","title":{"rendered":"Defter"},"content":{"rendered":"\n<p class=\"has-text-align-center\"><span class=\"has-inline-color has-vivid-purple-color\"><strong>Standart Haz\u0131rlanm\u0131\u015f olan defterlerimizin kapa\u011f\u0131na, kapak t\u00fcr\u00fcne g\u00f6re S\u0131cak Bask\u0131 veya Digital Bask\u0131 y\u00f6ntemiyle<\/strong><br> <strong>Firman\u0131z\u0131n Logo ve ismini basabiliyor ayr\u0131ca iste\u011finiz \u00fczerine tamamen sizin i\u00e7in haz\u0131rlanm\u0131\u015f spiralli, taslama kapakl\u0131<\/strong><br> <strong>ve reklam sayflar\u0131yla ba\u015flayan \u00f6zel \u00fcretim defterler bas\u0131yoruz.<\/strong><br> <strong>Daha fazla defter ve promosyon reklam \u00fcr\u00fcnleri i\u00e7in l\u00fctfen firma yetkilisinden katalog isteyiniz.<\/strong>  <strong> <\/strong> <\/span><\/p>\n\n\n\n<div class=\"wp-block-columns\">\n<div class=\"wp-block-column\">\n<figure class=\"wp-block-image size-large\"><img loading=\"lazy\" width=\"883\" height=\"1024\" src=\"http:\/\/www.ozgulmatbaa.net\/wp-content\/uploads\/2021\/10\/20234-DEFTER-15x21-Termo-Deri-883x1024.png\" alt=\"\" class=\"wp-image-569\" srcset=\"https:\/\/www.ozgulmatbaa.net\/wp-content\/uploads\/2021\/10\/20234-DEFTER-15x21-Termo-Deri-883x1024.png 883w, https:\/\/www.ozgulmatbaa.net\/wp-content\/uploads\/2021\/10\/20234-DEFTER-15x21-Termo-Deri-259x300.png 259w, https:\/\/www.ozgulmatbaa.net\/wp-content\/uploads\/2021\/10\/20234-DEFTER-15x21-Termo-Deri-768x891.png 768w, https:\/\/www.ozgulmatbaa.net\/wp-content\/uploads\/2021\/10\/20234-DEFTER-15x21-Termo-Deri-1325x1536.png 1325w, https:\/\/www.ozgulmatbaa.net\/wp-content\/uploads\/2021\/10\/20234-DEFTER-15x21-Termo-Deri-1024x1187.png 1024w, https:\/\/www.ozgulmatbaa.net\/wp-content\/uploads\/2021\/10\/20234-DEFTER-15x21-Termo-Deri-931x1080.png 931w, https:\/\/www.ozgulmatbaa.net\/wp-content\/uploads\/2021\/10\/20234-DEFTER-15x21-Termo-Deri.png 1579w\" sizes=\"(max-width: 883px) 100vw, 883px\" \/><figcaption><strong><span class=\"has-inline-color has-vivid-purple-color\">20234 DEFTER &#8211; 15&#215;21 Termo Deri<br>\u00c7izgili 80gr. 112 yaprak<br>\u0130ste\u011fe Ba\u011fl\u0131 S\u0131cak Kli\u015fe Bask\u0131<\/span><\/strong><\/figcaption><\/figure>\n\n\n\n<p><\/p>\n<\/div>\n\n\n\n<div class=\"wp-block-column\">\n<figure class=\"wp-block-image size-large\"><img loading=\"lazy\" width=\"905\" height=\"1024\" src=\"http:\/\/www.ozgulmatbaa.net\/wp-content\/uploads\/2021\/10\/20434-DEFTER-15x21-Termo-Deri-1-905x1024.png\" alt=\"\" class=\"wp-image-580\" srcset=\"https:\/\/www.ozgulmatbaa.net\/wp-content\/uploads\/2021\/10\/20434-DEFTER-15x21-Termo-Deri-1-905x1024.png 905w, https:\/\/www.ozgulmatbaa.net\/wp-content\/uploads\/2021\/10\/20434-DEFTER-15x21-Termo-Deri-1-265x300.png 265w, https:\/\/www.ozgulmatbaa.net\/wp-content\/uploads\/2021\/10\/20434-DEFTER-15x21-Termo-Deri-1-768x869.png 768w, https:\/\/www.ozgulmatbaa.net\/wp-content\/uploads\/2021\/10\/20434-DEFTER-15x21-Termo-Deri-1-1357x1536.png 1357w, https:\/\/www.ozgulmatbaa.net\/wp-content\/uploads\/2021\/10\/20434-DEFTER-15x21-Termo-Deri-1-1024x1159.png 1024w, https:\/\/www.ozgulmatbaa.net\/wp-content\/uploads\/2021\/10\/20434-DEFTER-15x21-Termo-Deri-1-954x1080.png 954w, https:\/\/www.ozgulmatbaa.net\/wp-content\/uploads\/2021\/10\/20434-DEFTER-15x21-Termo-Deri-1.png 1579w\" sizes=\"(max-width: 905px) 100vw, 905px\" \/><figcaption> <strong><span class=\"has-inline-color has-vivid-purple-color\">20434 DEFTER &#8211; 15&#215;21 Termo Deri<br>\u00c7izgili 80 gr. 96 yaprak<br>\u0130ste\u011fe ba\u011fl\u0131 S\u0131cak Kli\u015fe Bask\u0131<br>Lastikli Kapak <\/span><\/strong> <\/figcaption><\/figure>\n<\/div>\n\n\n\n<div class=\"wp-block-column\">\n<figure class=\"wp-block-image size-large\"><img loading=\"lazy\" width=\"915\" height=\"1024\" src=\"http:\/\/www.ozgulmatbaa.net\/wp-content\/uploads\/2021\/10\/20734-DEFTER-13x21-Termo-Deri-915x1024.png\" alt=\"\" class=\"wp-image-577\" srcset=\"https:\/\/www.ozgulmatbaa.net\/wp-content\/uploads\/2021\/10\/20734-DEFTER-13x21-Termo-Deri-915x1024.png 915w, https:\/\/www.ozgulmatbaa.net\/wp-content\/uploads\/2021\/10\/20734-DEFTER-13x21-Termo-Deri-268x300.png 268w, https:\/\/www.ozgulmatbaa.net\/wp-content\/uploads\/2021\/10\/20734-DEFTER-13x21-Termo-Deri-768x859.png 768w, https:\/\/www.ozgulmatbaa.net\/wp-content\/uploads\/2021\/10\/20734-DEFTER-13x21-Termo-Deri-1373x1536.png 1373w, https:\/\/www.ozgulmatbaa.net\/wp-content\/uploads\/2021\/10\/20734-DEFTER-13x21-Termo-Deri-1830x2048.png 1830w, https:\/\/www.ozgulmatbaa.net\/wp-content\/uploads\/2021\/10\/20734-DEFTER-13x21-Termo-Deri-1024x1146.png 1024w, https:\/\/www.ozgulmatbaa.net\/wp-content\/uploads\/2021\/10\/20734-DEFTER-13x21-Termo-Deri-965x1080.png 965w, https:\/\/www.ozgulmatbaa.net\/wp-content\/uploads\/2021\/10\/20734-DEFTER-13x21-Termo-Deri.png 2019w\" sizes=\"(max-width: 915px) 100vw, 915px\" \/><figcaption><strong><span class=\"has-inline-color has-vivid-purple-color\">20734 DEFTER &#8211; 13&#215;21 Termo Deri<br>\u00c7izgili 112 yaprak<br>\u0130ste\u011fe ba\u011fl\u0131 S\u0131cak Kli\u015fe Bask\u0131 <br>Lastikli Kapak<\/span><\/strong><\/figcaption><\/figure>\n\n\n\n<p><\/p>\n<\/div>\n<\/div>\n\n\n\n<div class=\"wp-block-columns\">\n<div class=\"wp-block-column\">\n<figure class=\"wp-block-image size-large\"><img loading=\"lazy\" width=\"1024\" height=\"771\" src=\"http:\/\/www.ozgulmatbaa.net\/wp-content\/uploads\/2021\/10\/91251-SPIRALLI-KARTON-KAPAK-DEFTER-1024x771.png\" alt=\"\" class=\"wp-image-586\" srcset=\"https:\/\/www.ozgulmatbaa.net\/wp-content\/uploads\/2021\/10\/91251-SPIRALLI-KARTON-KAPAK-DEFTER-1024x771.png 1024w, https:\/\/www.ozgulmatbaa.net\/wp-content\/uploads\/2021\/10\/91251-SPIRALLI-KARTON-KAPAK-DEFTER-300x226.png 300w, https:\/\/www.ozgulmatbaa.net\/wp-content\/uploads\/2021\/10\/91251-SPIRALLI-KARTON-KAPAK-DEFTER-768x578.png 768w, https:\/\/www.ozgulmatbaa.net\/wp-content\/uploads\/2021\/10\/91251-SPIRALLI-KARTON-KAPAK-DEFTER.png 1311w\" sizes=\"(max-width: 1024px) 100vw, 1024px\" \/><figcaption><strong><span class=\"has-inline-color has-vivid-purple-color\">91251 SP\u0130RALL\u0130 KARTON KAPAK DEFTER<br>Kapak: 350 gr. Amerikan Bristol + Selefonlu<br>\u0130\u00e7 Syf: 80 gr. 1.hamur, Tek Renk Bask\u0131l\u0131 <br>\u0130ste\u011fe g\u00f6re 50 yaprak, 75 yaprak, 100 yaprak<\/span><\/strong><\/figcaption><\/figure>\n<\/div>\n\n\n\n<div class=\"wp-block-column\">\n<figure class=\"wp-block-image size-large\"><img loading=\"lazy\" width=\"1024\" height=\"788\" src=\"http:\/\/www.ozgulmatbaa.net\/wp-content\/uploads\/2021\/10\/91252-SPIRALLI-SERT-KAPAK-DEFTER-1024x788.png\" alt=\"\" class=\"wp-image-587\" srcset=\"https:\/\/www.ozgulmatbaa.net\/wp-content\/uploads\/2021\/10\/91252-SPIRALLI-SERT-KAPAK-DEFTER-1024x788.png 1024w, https:\/\/www.ozgulmatbaa.net\/wp-content\/uploads\/2021\/10\/91252-SPIRALLI-SERT-KAPAK-DEFTER-300x231.png 300w, https:\/\/www.ozgulmatbaa.net\/wp-content\/uploads\/2021\/10\/91252-SPIRALLI-SERT-KAPAK-DEFTER-768x591.png 768w, https:\/\/www.ozgulmatbaa.net\/wp-content\/uploads\/2021\/10\/91252-SPIRALLI-SERT-KAPAK-DEFTER-1404x1080.png 1404w, https:\/\/www.ozgulmatbaa.net\/wp-content\/uploads\/2021\/10\/91252-SPIRALLI-SERT-KAPAK-DEFTER.png 1443w\" sizes=\"(max-width: 1024px) 100vw, 1024px\" \/><figcaption><strong><span class=\"has-inline-color has-vivid-purple-color\">91252 SP\u0130RALL\u0130 SERT KAPAK DEFTER<br>Kapak: 170 gr. Ku\u015fe Ka\u011f\u0131t + Selefon<br>+ 1,8mm mukavvaya taslama<br>\u0130\u00e7 Syf: 80gr. 1.hamur Tek Renk Bask\u0131l\u0131 <br>\u0130ste\u011fe g\u00f6re 50 yaprak, 75 yaprak, 100 yaprak<\/span><\/strong><\/figcaption><\/figure>\n<\/div>\n\n\n\n<div class=\"wp-block-column\">\n<figure class=\"wp-block-image size-large\"><img loading=\"lazy\" width=\"1024\" height=\"788\" src=\"http:\/\/www.ozgulmatbaa.net\/wp-content\/uploads\/2021\/10\/91253-YARI-GIZLI-SPIRALLI-SERT-KAPAK-DEFTER-1024x788.png\" alt=\"\" class=\"wp-image-588\" srcset=\"https:\/\/www.ozgulmatbaa.net\/wp-content\/uploads\/2021\/10\/91253-YARI-GIZLI-SPIRALLI-SERT-KAPAK-DEFTER-1024x788.png 1024w, https:\/\/www.ozgulmatbaa.net\/wp-content\/uploads\/2021\/10\/91253-YARI-GIZLI-SPIRALLI-SERT-KAPAK-DEFTER-300x231.png 300w, https:\/\/www.ozgulmatbaa.net\/wp-content\/uploads\/2021\/10\/91253-YARI-GIZLI-SPIRALLI-SERT-KAPAK-DEFTER-768x591.png 768w, https:\/\/www.ozgulmatbaa.net\/wp-content\/uploads\/2021\/10\/91253-YARI-GIZLI-SPIRALLI-SERT-KAPAK-DEFTER-1403x1080.png 1403w, https:\/\/www.ozgulmatbaa.net\/wp-content\/uploads\/2021\/10\/91253-YARI-GIZLI-SPIRALLI-SERT-KAPAK-DEFTER.png 1421w\" sizes=\"(max-width: 1024px) 100vw, 1024px\" \/><figcaption>91253 YARI G\u0130ZL\u0130 SP\u0130RALL\u0130 SERT KAPAK DEFTER<br>  <strong><span class=\"has-inline-color has-vivid-purple-color\">Kapak: 170 gr. Ku\u015fe Ka\u011f\u0131t + Selefon<br>+ 1,8mm mukavvaya taslama<br>\u0130\u00e7 Syf: 80gr. 1.hamur Tek Renk Bask\u0131l\u0131 <br>\u0130ste\u011fe g\u00f6re 50 yaprak, 75 yaprak, 100 yapra<\/span><\/strong>k <\/figcaption><\/figure>\n<\/div>\n<\/div>\n\n\n\n<h3><span class=\"has-inline-color has-vivid-red-color\">Daha fazla Defter \u00c7e\u015fitleri ve \u00d6rnekleri g\u00f6rmek i\u00e7in firma yetkilisinden Katalog isteyiniz.<\/span><\/h3>\n\n\n\n<blockquote class=\"wp-block-quote is-style-default\"><p><strong><span class=\"has-inline-color has-vivid-red-color\"><strong>Telefon :<\/strong>\u00a0<\/span><span class=\"has-inline-color has-black-color\">0.212 407 04 38 \u2013 0.212 407 04 39<\/span><\/strong><\/p><p><strong><span class=\"has-inline-color has-vivid-red-color\"><strong>GSM :<\/strong>\u00a0<\/span><span class=\"has-inline-color has-black-color\">0.549 632 06 10 \u2013 0.549 632 06 12<\/span><\/strong><\/p><p><strong><strong><span class=\"has-inline-color has-vivid-green-cyan-color\">WHATSAPP:<\/span><\/strong><span class=\"has-inline-color has-vivid-red-color\">\u00a0<\/span><span class=\"has-inline-color has-black-color\">0.549 632 06 10<\/span><\/strong><\/p><p><strong><span class=\"has-inline-color has-vivid-red-color\"><strong>E-Mail :<\/strong>\u00a0<\/span><span class=\"has-inline-color has-black-color\">info@ozgulmatbaa.net \u2013 ozgulmatbaa@gmail.com<\/span><\/strong><\/p><\/blockquote>\n","protected":false},"excerpt":{"rendered":"<p>Standart Haz\u0131rlanm\u0131\u015f olan defterlerimizin kapa\u011f\u0131na, kapak t\u00fcr\u00fcne g\u00f6re S\u0131cak Bask\u0131 veya Digital Bask\u0131 y\u00f6ntemiyle Firman\u0131z\u0131n Logo ve ismini basabiliyor ayr\u0131ca iste\u011finiz \u00fczerine tamamen sizin i\u00e7in haz\u0131rlanm\u0131\u015f spiralli, taslama kapakl\u0131 ve reklam sayflar\u0131yla ba\u015flayan \u00f6zel \u00fcretim defterler bas\u0131yoruz. Daha fazla defter ve promosyon reklam \u00fcr\u00fcnleri i\u00e7in l\u00fctfen firma yetkilisinden katalog isteyiniz. Daha fazla Defter \u00c7e\u015fitleri ve&hellip; <br \/> <a class=\"read-more\" href=\"https:\/\/www.ozgulmatbaa.net\/?page_id=529\">Devam\u0131<\/a><\/p>\n","protected":false},"author":1,"featured_media":0,"parent":0,"menu_order":0,"comment_status":"closed","ping_status":"closed","template":"","meta":[],"_links":{"self":[{"href":"https:\/\/www.ozgulmatbaa.net\/index.php?rest_route=\/wp\/v2\/pages\/529"}],"collection":[{"href":"https:\/\/www.ozgulmatbaa.net\/index.php?rest_route=\/wp\/v2\/pages"}],"about":[{"href":"https:\/\/www.ozgulmatbaa.net\/index.php?rest_route=\/wp\/v2\/types\/page"}],"author":[{"embeddable":true,"href":"https:\/\/www.ozgulmatbaa.net\/index.php?rest_route=\/wp\/v2\/users\/1"}],"replies":[{"embeddable":true,"href":"https:\/\/www.ozgulmatbaa.net\/index.php?rest_route=%2Fwp%2Fv2%2Fcomments&post=529"}],"version-history":[{"count":16,"href":"https:\/\/www.ozgulmatbaa.net\/index.php?rest_route=\/wp\/v2\/pages\/529\/revisions"}],"predecessor-version":[{"id":642,"href":"https:\/\/www.ozgulmatbaa.net\/index.php?rest_route=\/wp\/v2\/pages\/529\/revisions\/642"}],"wp:attachment":[{"href":"https:\/\/www.ozgulmatbaa.net\/index.php?rest_route=%2Fwp%2Fv2%2Fmedia&parent=529"}],"curies":[{"name":"wp","href":"https:\/\/api.w.org\/{rel}","templated":true}]}}