{"id":90,"date":"2021-08-04T23:26:55","date_gmt":"2021-08-04T23:26:55","guid":{"rendered":"http:\/\/www.ozgulmatbaa.net\/?page_id=90"},"modified":"2021-08-05T10:51:27","modified_gmt":"2021-08-05T10:51:27","slug":"tahsilat-makbuzu","status":"publish","type":"page","link":"https:\/\/www.ozgulmatbaa.net\/?page_id=90","title":{"rendered":"Tahsilat Makbuzu"},"content":{"rendered":"\n<p class=\"has-text-align-center\">Tahsilat Makbuzlar\u0131n\u0131z \u0130ste\u011finiz do\u011frultusunda Otokopi (Kendinden Karbonlu),<br>1.Hamur (Karbonsuz) Lazer Yaz\u0131c\u0131lar\u0131n\u0131z i\u00e7in ve S\u00fcrekli Form (Yanlar\u0131 Delikli) Ka\u011f\u0131tlara<br>Standart Ebad\u0131 20&#215;14 cm (Yar\u0131m Boy) olmakla beraber istedi\u011finiz ebatlarda<br>1+1, 1+2, 1+3 gibi istedi\u011finiz kopya say\u0131s\u0131nda<br>Seri Numaral\u0131 ve Numaras\u0131z olarak bas\u0131labilmektedir.<\/p>\n\n\n\n<div class=\"wp-block-group\"><div class=\"wp-block-group__inner-container\">\n<div class=\"wp-block-columns\">\n<div class=\"wp-block-column\" style=\"flex-basis:100%\">\n<div class=\"wp-block-columns\">\n<div class=\"wp-block-column\">\n<div class=\"wp-block-media-text alignwide is-stacked-on-mobile is-vertically-aligned-center\"><figure class=\"wp-block-media-text__media\"><img loading=\"lazy\" width=\"1024\" height=\"684\" src=\"http:\/\/www.ozgulmatbaa.net\/wp-content\/uploads\/2021\/08\/TM-1-1024x684.png\" alt=\"\" class=\"wp-image-164 size-full\" srcset=\"https:\/\/www.ozgulmatbaa.net\/wp-content\/uploads\/2021\/08\/TM-1-1024x684.png 1024w, https:\/\/www.ozgulmatbaa.net\/wp-content\/uploads\/2021\/08\/TM-1-300x200.png 300w, https:\/\/www.ozgulmatbaa.net\/wp-content\/uploads\/2021\/08\/TM-1-768x513.png 768w, https:\/\/www.ozgulmatbaa.net\/wp-content\/uploads\/2021\/08\/TM-1-1536x1026.png 1536w, https:\/\/www.ozgulmatbaa.net\/wp-content\/uploads\/2021\/08\/TM-1-1617x1080.png 1617w, https:\/\/www.ozgulmatbaa.net\/wp-content\/uploads\/2021\/08\/TM-1.png 1777w\" sizes=\"(max-width: 1024px) 100vw, 1024px\" \/><\/figure><div class=\"wp-block-media-text__content\">\n<p>Elde Kesimleriniz i\u00e7in<br>OTOKOP\u0130 (Kendinden Karbonlu) Ka\u011f\u0131da<br>Soldan Perfarajl\u0131 (T\u0131rt\u0131kl\u0131) Numaras\u0131z<br>A5 Cilt Tahsilat Makbuzu \u00d6rnegi Soldan <br>Perfarjl\u0131 (T\u0131rt\u0131kl\u0131)<\/p>\n<\/div><\/div>\n<\/div>\n\n\n\n<div class=\"wp-block-column\">\n<div class=\"wp-block-media-text alignwide is-stacked-on-mobile is-vertically-aligned-center\"><figure class=\"wp-block-media-text__media\"><img loading=\"lazy\" width=\"1024\" height=\"683\" src=\"http:\/\/www.ozgulmatbaa.net\/wp-content\/uploads\/2021\/08\/TM-2-1024x683.png\" alt=\"\" class=\"wp-image-165 size-full\" srcset=\"https:\/\/www.ozgulmatbaa.net\/wp-content\/uploads\/2021\/08\/TM-2-1024x683.png 1024w, https:\/\/www.ozgulmatbaa.net\/wp-content\/uploads\/2021\/08\/TM-2-300x200.png 300w, https:\/\/www.ozgulmatbaa.net\/wp-content\/uploads\/2021\/08\/TM-2-768x512.png 768w, https:\/\/www.ozgulmatbaa.net\/wp-content\/uploads\/2021\/08\/TM-2-1536x1024.png 1536w, https:\/\/www.ozgulmatbaa.net\/wp-content\/uploads\/2021\/08\/TM-2-1620x1080.png 1620w, https:\/\/www.ozgulmatbaa.net\/wp-content\/uploads\/2021\/08\/TM-2.png 1780w\" sizes=\"(max-width: 1024px) 100vw, 1024px\" \/><\/figure><div class=\"wp-block-media-text__content\">\n<p>Elde Kesimleriniz i\u00e7in<br>OTOKOP\u0130 (Kendinden Karbonlu) Ka\u011f\u0131da<br>Soldan Tutkall\u0131 Numaras\u0131z<br>A5 Blok Tahsilat Makbuzu \u00d6rne\u011fi<\/p>\n\n\n\n<p>Soldan Blok (Tutkall\u0131)<\/p>\n<\/div><\/div>\n<\/div>\n<\/div>\n<\/div>\n<\/div>\n<\/div><\/div>\n\n\n\n<div class=\"wp-block-columns\">\n<div class=\"wp-block-column\">\n<div class=\"wp-block-media-text alignwide is-stacked-on-mobile\" style=\"grid-template-columns:52% auto\"><figure class=\"wp-block-media-text__media\"><img loading=\"lazy\" width=\"1024\" height=\"684\" src=\"http:\/\/www.ozgulmatbaa.net\/wp-content\/uploads\/2021\/08\/TM-3-1024x684.png\" alt=\"\" class=\"wp-image-166 size-full\" srcset=\"https:\/\/www.ozgulmatbaa.net\/wp-content\/uploads\/2021\/08\/TM-3-1024x684.png 1024w, https:\/\/www.ozgulmatbaa.net\/wp-content\/uploads\/2021\/08\/TM-3-300x200.png 300w, https:\/\/www.ozgulmatbaa.net\/wp-content\/uploads\/2021\/08\/TM-3-768x513.png 768w, https:\/\/www.ozgulmatbaa.net\/wp-content\/uploads\/2021\/08\/TM-3-1536x1026.png 1536w, https:\/\/www.ozgulmatbaa.net\/wp-content\/uploads\/2021\/08\/TM-3-1617x1080.png 1617w, https:\/\/www.ozgulmatbaa.net\/wp-content\/uploads\/2021\/08\/TM-3.png 1777w\" sizes=\"(max-width: 1024px) 100vw, 1024px\" \/><\/figure><div class=\"wp-block-media-text__content\">\n<p>Elde Kesimleriniz i\u00e7in<br>OTOKOP\u0130 (Kendinden Karbonlu) Ka\u011f\u0131da<br>Soldan Perfarajl\u0131 (T\u0131rt\u0131kl\u0131) Numaral\u0131<br>A5 Cilt Tahsilat Makbuzu \u00d6rne\u011fi<\/p>\n<\/div><\/div>\n<\/div>\n\n\n\n<div class=\"wp-block-column\">\n<div class=\"wp-block-media-text alignwide is-stacked-on-mobile\" style=\"grid-template-columns:57% auto\"><figure class=\"wp-block-media-text__media\"><img loading=\"lazy\" width=\"1024\" height=\"685\" src=\"http:\/\/www.ozgulmatbaa.net\/wp-content\/uploads\/2021\/08\/TM-4-1024x685.png\" alt=\"\" class=\"wp-image-167 size-full\" srcset=\"https:\/\/www.ozgulmatbaa.net\/wp-content\/uploads\/2021\/08\/TM-4-1024x685.png 1024w, https:\/\/www.ozgulmatbaa.net\/wp-content\/uploads\/2021\/08\/TM-4-300x201.png 300w, https:\/\/www.ozgulmatbaa.net\/wp-content\/uploads\/2021\/08\/TM-4-768x513.png 768w, https:\/\/www.ozgulmatbaa.net\/wp-content\/uploads\/2021\/08\/TM-4-1536x1027.png 1536w, https:\/\/www.ozgulmatbaa.net\/wp-content\/uploads\/2021\/08\/TM-4-1615x1080.png 1615w, https:\/\/www.ozgulmatbaa.net\/wp-content\/uploads\/2021\/08\/TM-4.png 1777w\" sizes=\"(max-width: 1024px) 100vw, 1024px\" \/><\/figure><div class=\"wp-block-media-text__content\">\n<p>Elde Kesimleriniz i\u00e7in<br>OTOKOP\u0130 (Kendinden Karbonlu) Ka\u011f\u0131da<br>\u00dcstten Tutkall\u0131 Numaral\u0131<br>A5 Blok Tahsilat Makbuzu \u00d6rne\u011fi<\/p>\n<\/div><\/div>\n<\/div>\n<\/div>\n\n\n\n<p><\/p>\n","protected":false},"excerpt":{"rendered":"<p>Tahsilat Makbuzlar\u0131n\u0131z \u0130ste\u011finiz do\u011frultusunda Otokopi (Kendinden Karbonlu),1.Hamur (Karbonsuz) Lazer Yaz\u0131c\u0131lar\u0131n\u0131z i\u00e7in ve S\u00fcrekli Form (Yanlar\u0131 Delikli) Ka\u011f\u0131tlaraStandart Ebad\u0131 20&#215;14 cm (Yar\u0131m Boy) olmakla beraber istedi\u011finiz ebatlarda1+1, 1+2, 1+3 gibi istedi\u011finiz kopya say\u0131s\u0131ndaSeri Numaral\u0131 ve Numaras\u0131z olarak bas\u0131labilmektedir. Elde Kesimleriniz i\u00e7inOTOKOP\u0130 (Kendinden Karbonlu) Ka\u011f\u0131daSoldan Perfarajl\u0131 (T\u0131rt\u0131kl\u0131) Numaras\u0131zA5 Cilt Tahsilat Makbuzu \u00d6rnegi Soldan Perfarjl\u0131 (T\u0131rt\u0131kl\u0131) Elde Kesimleriniz&hellip; <br \/> <a class=\"read-more\" href=\"https:\/\/www.ozgulmatbaa.net\/?page_id=90\">Devam\u0131<\/a><\/p>\n","protected":false},"author":1,"featured_media":0,"parent":0,"menu_order":0,"comment_status":"closed","ping_status":"closed","template":"","meta":[],"_links":{"self":[{"href":"https:\/\/www.ozgulmatbaa.net\/index.php?rest_route=\/wp\/v2\/pages\/90"}],"collection":[{"href":"https:\/\/www.ozgulmatbaa.net\/index.php?rest_route=\/wp\/v2\/pages"}],"about":[{"href":"https:\/\/www.ozgulmatbaa.net\/index.php?rest_route=\/wp\/v2\/types\/page"}],"author":[{"embeddable":true,"href":"https:\/\/www.ozgulmatbaa.net\/index.php?rest_route=\/wp\/v2\/users\/1"}],"replies":[{"embeddable":true,"href":"https:\/\/www.ozgulmatbaa.net\/index.php?rest_route=%2Fwp%2Fv2%2Fcomments&post=90"}],"version-history":[{"count":4,"href":"https:\/\/www.ozgulmatbaa.net\/index.php?rest_route=\/wp\/v2\/pages\/90\/revisions"}],"predecessor-version":[{"id":170,"href":"https:\/\/www.ozgulmatbaa.net\/index.php?rest_route=\/wp\/v2\/pages\/90\/revisions\/170"}],"wp:attachment":[{"href":"https:\/\/www.ozgulmatbaa.net\/index.php?rest_route=%2Fwp%2Fv2%2Fmedia&parent=90"}],"curies":[{"name":"wp","href":"https:\/\/api.w.org\/{rel}","templated":true}]}}