{"id":92,"date":"2021-08-04T23:27:18","date_gmt":"2021-08-04T23:27:18","guid":{"rendered":"http:\/\/www.ozgulmatbaa.net\/?page_id=92"},"modified":"2021-08-05T11:01:24","modified_gmt":"2021-08-05T11:01:24","slug":"antetli-kagit-zarf","status":"publish","type":"page","link":"https:\/\/www.ozgulmatbaa.net\/?page_id=92","title":{"rendered":"Antetli Ka\u011f\u0131t &#038; Zarf"},"content":{"rendered":"\n<p class=\"has-text-align-center\">Anteli Ka\u011f\u0131tlar\u0131n\u0131z Standart olarak 1. Hamur Ka\u011f\u0131da<br>\u0130stedi\u011finiz bask\u0131 renginde bas\u0131lmaktad\u0131r.<br>Diplomat Zarflar\u0131n\u0131z ise yine iste\u011finize g\u00f6re Pencereli ve Penceresiz olarak bas\u0131lmaktad\u0131r<\/p>\n\n\n\n<div class=\"wp-block-group\"><div class=\"wp-block-group__inner-container\">\n<div class=\"wp-block-columns\">\n<div class=\"wp-block-column\" style=\"flex-basis:100%\">\n<div class=\"wp-block-columns\">\n<div class=\"wp-block-column\">\n<div class=\"wp-block-media-text alignwide is-stacked-on-mobile is-vertically-aligned-center\"><figure class=\"wp-block-media-text__media\"><img loading=\"lazy\" width=\"725\" height=\"1024\" src=\"http:\/\/www.ozgulmatbaa.net\/wp-content\/uploads\/2021\/08\/ANTETLI-1-725x1024.png\" alt=\"\" class=\"wp-image-173 size-full\" srcset=\"https:\/\/www.ozgulmatbaa.net\/wp-content\/uploads\/2021\/08\/ANTETLI-1-725x1024.png 725w, https:\/\/www.ozgulmatbaa.net\/wp-content\/uploads\/2021\/08\/ANTETLI-1-212x300.png 212w, https:\/\/www.ozgulmatbaa.net\/wp-content\/uploads\/2021\/08\/ANTETLI-1-768x1084.png 768w, https:\/\/www.ozgulmatbaa.net\/wp-content\/uploads\/2021\/08\/ANTETLI-1-765x1080.png 765w, https:\/\/www.ozgulmatbaa.net\/wp-content\/uploads\/2021\/08\/ANTETLI-1.png 949w\" sizes=\"(max-width: 725px) 100vw, 725px\" \/><\/figure><div class=\"wp-block-media-text__content\">\n<p>A4 1.Hamur Ka\u011f\u0131da 2 Renk Bask\u0131l\u0131<br>Antetli Ka\u011f\u0131t \u00d6rne\u011fi<\/p>\n<\/div><\/div>\n<\/div>\n\n\n\n<div class=\"wp-block-column\">\n<div class=\"wp-block-media-text alignwide is-stacked-on-mobile is-vertically-aligned-center\"><figure class=\"wp-block-media-text__media\"><img loading=\"lazy\" width=\"725\" height=\"1024\" src=\"http:\/\/www.ozgulmatbaa.net\/wp-content\/uploads\/2021\/08\/ANTETLI-2-725x1024.png\" alt=\"\" class=\"wp-image-174 size-full\" srcset=\"https:\/\/www.ozgulmatbaa.net\/wp-content\/uploads\/2021\/08\/ANTETLI-2-725x1024.png 725w, https:\/\/www.ozgulmatbaa.net\/wp-content\/uploads\/2021\/08\/ANTETLI-2-212x300.png 212w, https:\/\/www.ozgulmatbaa.net\/wp-content\/uploads\/2021\/08\/ANTETLI-2-768x1084.png 768w, https:\/\/www.ozgulmatbaa.net\/wp-content\/uploads\/2021\/08\/ANTETLI-2-765x1080.png 765w, https:\/\/www.ozgulmatbaa.net\/wp-content\/uploads\/2021\/08\/ANTETLI-2.png 949w\" sizes=\"(max-width: 725px) 100vw, 725px\" \/><\/figure><div class=\"wp-block-media-text__content\">\n<p> A4 1.Hamur Ka\u011f\u0131da 3 Renk Bask\u0131l\u0131<br>Antetli Ka\u011f\u0131t \u00d6rne\u011fi <\/p>\n<\/div><\/div>\n<\/div>\n<\/div>\n<\/div>\n<\/div>\n<\/div><\/div>\n\n\n\n<div class=\"wp-block-columns\">\n<div class=\"wp-block-column\">\n<div class=\"wp-block-media-text alignwide is-stacked-on-mobile\" style=\"grid-template-columns:52% auto\"><figure class=\"wp-block-media-text__media\"><img loading=\"lazy\" width=\"1024\" height=\"450\" src=\"http:\/\/www.ozgulmatbaa.net\/wp-content\/uploads\/2021\/08\/ZARF-1-1024x450.png\" alt=\"\" class=\"wp-image-175 size-full\" srcset=\"https:\/\/www.ozgulmatbaa.net\/wp-content\/uploads\/2021\/08\/ZARF-1-1024x450.png 1024w, https:\/\/www.ozgulmatbaa.net\/wp-content\/uploads\/2021\/08\/ZARF-1-300x132.png 300w, https:\/\/www.ozgulmatbaa.net\/wp-content\/uploads\/2021\/08\/ZARF-1-768x337.png 768w, https:\/\/www.ozgulmatbaa.net\/wp-content\/uploads\/2021\/08\/ZARF-1-1536x675.png 1536w, https:\/\/www.ozgulmatbaa.net\/wp-content\/uploads\/2021\/08\/ZARF-1.png 1657w\" sizes=\"(max-width: 1024px) 100vw, 1024px\" \/><\/figure><div class=\"wp-block-media-text__content\">\n<p>24 x 10,5 cm Pencereli 2 Renk Bask\u0131l\u0131<br>Diplomat Zarf \u00d6rne\u011fi<\/p>\n<\/div><\/div>\n<\/div>\n\n\n\n<div class=\"wp-block-column\">\n<div class=\"wp-block-media-text alignwide is-stacked-on-mobile\" style=\"grid-template-columns:57% auto\"><figure class=\"wp-block-media-text__media\"><img loading=\"lazy\" width=\"1024\" height=\"450\" src=\"http:\/\/www.ozgulmatbaa.net\/wp-content\/uploads\/2021\/08\/ZARF-2-1024x450.png\" alt=\"\" class=\"wp-image-176 size-full\" srcset=\"https:\/\/www.ozgulmatbaa.net\/wp-content\/uploads\/2021\/08\/ZARF-2-1024x450.png 1024w, https:\/\/www.ozgulmatbaa.net\/wp-content\/uploads\/2021\/08\/ZARF-2-300x132.png 300w, https:\/\/www.ozgulmatbaa.net\/wp-content\/uploads\/2021\/08\/ZARF-2-768x337.png 768w, https:\/\/www.ozgulmatbaa.net\/wp-content\/uploads\/2021\/08\/ZARF-2-1536x675.png 1536w, https:\/\/www.ozgulmatbaa.net\/wp-content\/uploads\/2021\/08\/ZARF-2.png 1657w\" sizes=\"(max-width: 1024px) 100vw, 1024px\" \/><\/figure><div class=\"wp-block-media-text__content\">\n<p> 24 x 10,5 cm Pencereli 3 Renk Bask\u0131l\u0131<br>Diplomat Zarf \u00d6rne\u011fi <\/p>\n<\/div><\/div>\n<\/div>\n<\/div>\n\n\n\n<div class=\"wp-block-columns\">\n<div class=\"wp-block-column\">\n<div class=\"wp-block-media-text alignwide is-stacked-on-mobile\"><figure class=\"wp-block-media-text__media\"><img loading=\"lazy\" width=\"1024\" height=\"758\" src=\"http:\/\/www.ozgulmatbaa.net\/wp-content\/uploads\/2021\/08\/ZARF-3-1024x758.png\" alt=\"\" class=\"wp-image-177 size-full\" srcset=\"https:\/\/www.ozgulmatbaa.net\/wp-content\/uploads\/2021\/08\/ZARF-3-1024x758.png 1024w, https:\/\/www.ozgulmatbaa.net\/wp-content\/uploads\/2021\/08\/ZARF-3-300x222.png 300w, https:\/\/www.ozgulmatbaa.net\/wp-content\/uploads\/2021\/08\/ZARF-3-768x568.png 768w, https:\/\/www.ozgulmatbaa.net\/wp-content\/uploads\/2021\/08\/ZARF-3-1536x1136.png 1536w, https:\/\/www.ozgulmatbaa.net\/wp-content\/uploads\/2021\/08\/ZARF-3-2048x1515.png 2048w, https:\/\/www.ozgulmatbaa.net\/wp-content\/uploads\/2021\/08\/ZARF-3-1460x1080.png 1460w\" sizes=\"(max-width: 1024px) 100vw, 1024px\" \/><\/figure><div class=\"wp-block-media-text__content\">\n<p>24 x 32 cm 1.Hamur 4 Renk Bask\u0131l\u0131<br>Torba Zarf \u00d6rne\u011fi<\/p>\n<\/div><\/div>\n<\/div>\n\n\n\n<div class=\"wp-block-column\">\n<div class=\"wp-block-media-text alignwide is-stacked-on-mobile\"><figure class=\"wp-block-media-text__media\"><img loading=\"lazy\" width=\"864\" height=\"1024\" src=\"http:\/\/www.ozgulmatbaa.net\/wp-content\/uploads\/2021\/08\/ZARF-4-864x1024.png\" alt=\"\" class=\"wp-image-178 size-full\" srcset=\"https:\/\/www.ozgulmatbaa.net\/wp-content\/uploads\/2021\/08\/ZARF-4-864x1024.png 864w, https:\/\/www.ozgulmatbaa.net\/wp-content\/uploads\/2021\/08\/ZARF-4-253x300.png 253w, https:\/\/www.ozgulmatbaa.net\/wp-content\/uploads\/2021\/08\/ZARF-4-768x910.png 768w, https:\/\/www.ozgulmatbaa.net\/wp-content\/uploads\/2021\/08\/ZARF-4-1297x1536.png 1297w, https:\/\/www.ozgulmatbaa.net\/wp-content\/uploads\/2021\/08\/ZARF-4-1024x1213.png 1024w, https:\/\/www.ozgulmatbaa.net\/wp-content\/uploads\/2021\/08\/ZARF-4-912x1080.png 912w, https:\/\/www.ozgulmatbaa.net\/wp-content\/uploads\/2021\/08\/ZARF-4.png 1333w\" sizes=\"(max-width: 864px) 100vw, 864px\" \/><\/figure><div class=\"wp-block-media-text__content\">\n<p>Torba Zarflarda Ebat ve<br>Ka\u011f\u0131t Cinsi olarak farkl\u0131 se\u00e7enekler bunlunmaktad\u0131r.<\/p>\n<\/div><\/div>\n<\/div>\n<\/div>\n","protected":false},"excerpt":{"rendered":"<p>Anteli Ka\u011f\u0131tlar\u0131n\u0131z Standart olarak 1. Hamur Ka\u011f\u0131da\u0130stedi\u011finiz bask\u0131 renginde bas\u0131lmaktad\u0131r.Diplomat Zarflar\u0131n\u0131z ise yine iste\u011finize g\u00f6re Pencereli ve Penceresiz olarak bas\u0131lmaktad\u0131r A4 1.Hamur Ka\u011f\u0131da 2 Renk Bask\u0131l\u0131Antetli Ka\u011f\u0131t \u00d6rne\u011fi A4 1.Hamur Ka\u011f\u0131da 3 Renk Bask\u0131l\u0131Antetli Ka\u011f\u0131t \u00d6rne\u011fi 24 x 10,5 cm Pencereli 2 Renk Bask\u0131l\u0131Diplomat Zarf \u00d6rne\u011fi 24 x 10,5 cm Pencereli 3 Renk Bask\u0131l\u0131Diplomat Zarf&hellip; <br \/> <a class=\"read-more\" href=\"https:\/\/www.ozgulmatbaa.net\/?page_id=92\">Devam\u0131<\/a><\/p>\n","protected":false},"author":1,"featured_media":0,"parent":0,"menu_order":0,"comment_status":"closed","ping_status":"closed","template":"","meta":[],"_links":{"self":[{"href":"https:\/\/www.ozgulmatbaa.net\/index.php?rest_route=\/wp\/v2\/pages\/92"}],"collection":[{"href":"https:\/\/www.ozgulmatbaa.net\/index.php?rest_route=\/wp\/v2\/pages"}],"about":[{"href":"https:\/\/www.ozgulmatbaa.net\/index.php?rest_route=\/wp\/v2\/types\/page"}],"author":[{"embeddable":true,"href":"https:\/\/www.ozgulmatbaa.net\/index.php?rest_route=\/wp\/v2\/users\/1"}],"replies":[{"embeddable":true,"href":"https:\/\/www.ozgulmatbaa.net\/index.php?rest_route=%2Fwp%2Fv2%2Fcomments&post=92"}],"version-history":[{"count":3,"href":"https:\/\/www.ozgulmatbaa.net\/index.php?rest_route=\/wp\/v2\/pages\/92\/revisions"}],"predecessor-version":[{"id":179,"href":"https:\/\/www.ozgulmatbaa.net\/index.php?rest_route=\/wp\/v2\/pages\/92\/revisions\/179"}],"wp:attachment":[{"href":"https:\/\/www.ozgulmatbaa.net\/index.php?rest_route=%2Fwp%2Fv2%2Fmedia&parent=92"}],"curies":[{"name":"wp","href":"https:\/\/api.w.org\/{rel}","templated":true}]}}