{"id":95,"date":"2021-08-04T23:27:34","date_gmt":"2021-08-04T23:27:34","guid":{"rendered":"http:\/\/www.ozgulmatbaa.net\/?page_id=95"},"modified":"2021-08-10T11:46:11","modified_gmt":"2021-08-10T11:46:11","slug":"kartvizit","status":"publish","type":"page","link":"https:\/\/www.ozgulmatbaa.net\/?page_id=95","title":{"rendered":"Kartvizit"},"content":{"rendered":"\n<p class=\"has-text-align-left\">G\u00fcn\u00fcm\u00fcz\u00fcn geli\u015fen teknolojisi ve imkanlar\u0131yla beraber Kartvizit se\u00e7enekleri de artm\u0131\u015f bulunmaktad\u0131r.<br>Ka\u011f\u0131t cinsi ve gramaj\u0131ndan, \u00fczerine yap\u0131lan koruyucu laminasyon maddesi, Lak, Emboss Lak, Varak Yald\u0131z, Gofre gibi estetik se\u00e7enekleriyle g\u00fcn\u00fcm\u00fcz teknolojisinin izin verdi\u011fi t\u00fcm se\u00e7eneklerle Kartvizit bas\u0131m\u0131 yapabilmekteyiz.<\/p>\n\n\n\n<div class=\"wp-block-columns\">\n<div class=\"wp-block-column\">\n<p class=\"has-text-align-center\"><strong>Tek Y\u00f6n 350 gr Mat Ku\u015fe<br>Kartvizit Mat Selefonlu Kartvizit<\/strong><\/p>\n<\/div>\n\n\n\n<div class=\"wp-block-column\">\n<p class=\"has-text-align-center\"><strong>\u00c7ift Y\u00f6n 350 gr Mat Ku\u015fe<br>Kartvizit Mat Selefonlu Kartvizit<\/strong><\/p>\n<\/div>\n\n\n\n<div class=\"wp-block-column\">\n<p class=\"has-text-align-center\"><strong>\u00c7ift Y\u00f6n 350 gr Mat Ku\u015fe Kartvizit Mat Selefonlu Oval Kesimli Kartvizit<\/strong><\/p>\n<\/div>\n<\/div>\n\n\n\n<div class=\"wp-block-columns\">\n<div class=\"wp-block-column\">\n<figure class=\"wp-block-image size-large\"><img loading=\"lazy\" width=\"1024\" height=\"308\" src=\"http:\/\/www.ozgulmatbaa.net\/wp-content\/uploads\/2021\/08\/KART-1-1024x308.png\" alt=\"\" class=\"wp-image-192\" srcset=\"https:\/\/www.ozgulmatbaa.net\/wp-content\/uploads\/2021\/08\/KART-1-1024x308.png 1024w, https:\/\/www.ozgulmatbaa.net\/wp-content\/uploads\/2021\/08\/KART-1-300x90.png 300w, https:\/\/www.ozgulmatbaa.net\/wp-content\/uploads\/2021\/08\/KART-1-768x231.png 768w, https:\/\/www.ozgulmatbaa.net\/wp-content\/uploads\/2021\/08\/KART-1.png 1230w\" sizes=\"(max-width: 1024px) 100vw, 1024px\" \/><figcaption>Kartvizitinizin renklerinin daha uzun s\u00fcre canl\u0131 kalmas ve kolay y\u0131rt\u0131lmas\u0131n\u0131 engellemek amac\u0131yla<br>Bask\u0131l\u0131 Y\u00fcze Selefon yap\u0131lmaktad\u0131r.<br><br><\/figcaption><\/figure>\n<\/div>\n\n\n\n<div class=\"wp-block-column\">\n<figure class=\"wp-block-image size-large is-resized\"><img loading=\"lazy\" src=\"http:\/\/www.ozgulmatbaa.net\/wp-content\/uploads\/2021\/08\/KART-2-1024x308.png\" alt=\"\" class=\"wp-image-182\" width=\"1024\" height=\"299\"\/><figcaption>Kartvizitinizin renklerinin daha uzun s\u00fcre canl\u0131 kalmas\u0131 ve kolay y\u0131rt\u0131lmas\u0131n\u0131 engellemek amac\u0131yla \u00c7ift Y\u00fcz\u00fcne Selefon yap\u0131lmaktad\u0131r.<\/figcaption><\/figure>\n\n\n\n<p><\/p>\n<\/div>\n\n\n\n<div class=\"wp-block-column\">\n<figure class=\"wp-block-image size-large\"><img loading=\"lazy\" width=\"1024\" height=\"308\" src=\"http:\/\/www.ozgulmatbaa.net\/wp-content\/uploads\/2021\/08\/kart-1024x308.png\" alt=\"\" class=\"wp-image-393\" srcset=\"https:\/\/www.ozgulmatbaa.net\/wp-content\/uploads\/2021\/08\/kart-1024x308.png 1024w, https:\/\/www.ozgulmatbaa.net\/wp-content\/uploads\/2021\/08\/kart-300x90.png 300w, https:\/\/www.ozgulmatbaa.net\/wp-content\/uploads\/2021\/08\/kart-768x231.png 768w, https:\/\/www.ozgulmatbaa.net\/wp-content\/uploads\/2021\/08\/kart.png 1230w\" sizes=\"(max-width: 1024px) 100vw, 1024px\" \/><figcaption>Kartvizitinizi tercihinize g\u00f6re<br>Selefona ek olarak 4 K\u00f6\u015fesini oval kesimli<br>\u015fekilde yap\u0131yoruz.<\/figcaption><\/figure>\n<\/div>\n<\/div>\n\n\n\n<div class=\"wp-block-columns\">\n<div class=\"wp-block-column\">\n<p class=\"has-text-align-center\"><strong>\u00c7ift Y\u00f6n 350 gr Mat Ku\u015fe<br>Kartvizit Mat Selefonlu + Lakl\u0131 Kartvizit<\/strong><\/p>\n<\/div>\n\n\n\n<div class=\"wp-block-column\">\n<p class=\"has-text-align-center\"><strong>\u00c7ift Y\u00f6n 350 gr Mat Ku\u015fe<br>Kartvizit Mat Selefonlu + Kabartma Lakl\u0131 Kartvizit<\/strong><\/p>\n<\/div>\n\n\n\n<div class=\"wp-block-column\">\n<p class=\"has-text-align-center\"><strong>\u00c7ift Y\u00f6n 350 gr Mat Ku\u015fe<br>Kartvizit Mat Selefonlu + Kabartma Lakl\u0131 +Oval Kesimli Kartvizit<\/strong><\/p>\n<\/div>\n<\/div>\n\n\n\n<div class=\"wp-block-columns\">\n<div class=\"wp-block-column\">\n<figure class=\"wp-block-image size-large\"><img loading=\"lazy\" width=\"1024\" height=\"309\" src=\"http:\/\/www.ozgulmatbaa.net\/wp-content\/uploads\/2021\/08\/KART-1-1-1024x309.png\" alt=\"\" class=\"wp-image-391\" srcset=\"https:\/\/www.ozgulmatbaa.net\/wp-content\/uploads\/2021\/08\/KART-1-1-1024x309.png 1024w, https:\/\/www.ozgulmatbaa.net\/wp-content\/uploads\/2021\/08\/KART-1-1-300x91.png 300w, https:\/\/www.ozgulmatbaa.net\/wp-content\/uploads\/2021\/08\/KART-1-1-768x232.png 768w, https:\/\/www.ozgulmatbaa.net\/wp-content\/uploads\/2021\/08\/KART-1-1.png 1231w\" sizes=\"(max-width: 1024px) 100vw, 1024px\" \/><figcaption>Kartvizitinizde firma ismi gibi<br>vurgu yap\u0131lmas\u0131n\u0131 istedi\u011finiz b\u00f6lgeleri<br>Lak yard\u0131m\u0131yla parlak ve dikkat \u00e7eki\u00e7i hale getiriyoruz.<\/figcaption><\/figure>\n<\/div>\n\n\n\n<div class=\"wp-block-column\">\n<figure class=\"wp-block-image size-large\"><img loading=\"lazy\" width=\"1024\" height=\"310\" src=\"http:\/\/www.ozgulmatbaa.net\/wp-content\/uploads\/2021\/08\/KART-2-1-1024x310.png\" alt=\"\" class=\"wp-image-390\" srcset=\"https:\/\/www.ozgulmatbaa.net\/wp-content\/uploads\/2021\/08\/KART-2-1-1024x310.png 1024w, https:\/\/www.ozgulmatbaa.net\/wp-content\/uploads\/2021\/08\/KART-2-1-300x91.png 300w, https:\/\/www.ozgulmatbaa.net\/wp-content\/uploads\/2021\/08\/KART-2-1-768x232.png 768w, https:\/\/www.ozgulmatbaa.net\/wp-content\/uploads\/2021\/08\/KART-2-1.png 1233w\" sizes=\"(max-width: 1024px) 100vw, 1024px\" \/><figcaption>Kartvizitinizde firma ismi gibi<br>vurgu yap\u0131lmas\u0131n\u0131 istedi\u011finiz b\u00f6lgeleri<br>Lak yard\u0131m\u0131yla parlak ve KABARTMA yaparak<br>dikkat \u00e7eki\u00e7i hale getiriyoruz<\/figcaption><\/figure>\n<\/div>\n\n\n\n<div class=\"wp-block-column\">\n<figure class=\"wp-block-image size-large\"><img loading=\"lazy\" width=\"1024\" height=\"303\" src=\"http:\/\/www.ozgulmatbaa.net\/wp-content\/uploads\/2021\/08\/KART-3-1-1024x303.png\" alt=\"\" class=\"wp-image-389\" srcset=\"https:\/\/www.ozgulmatbaa.net\/wp-content\/uploads\/2021\/08\/KART-3-1-1024x303.png 1024w, https:\/\/www.ozgulmatbaa.net\/wp-content\/uploads\/2021\/08\/KART-3-1-300x89.png 300w, https:\/\/www.ozgulmatbaa.net\/wp-content\/uploads\/2021\/08\/KART-3-1-768x227.png 768w, https:\/\/www.ozgulmatbaa.net\/wp-content\/uploads\/2021\/08\/KART-3-1.png 1197w\" sizes=\"(max-width: 1024px) 100vw, 1024px\" \/><\/figure>\n<\/div>\n<\/div>\n\n\n\n<div class=\"wp-block-columns\">\n<div class=\"wp-block-column\">\n<p class=\"has-text-align-center\"><strong>\u00c7ift Y\u00f6n 700 gr S\u0131vama<br>+Mat Selefonlu Kartvizit<\/strong><\/p>\n<\/div>\n\n\n\n<div class=\"wp-block-column\">\n<p class=\"has-text-align-center\"><strong>\u00c7ift Y\u00f6n 700 gr S\u0131vama Mat Selefonlu + Lakl\u0131 Kartvizit<\/strong><\/p>\n<\/div>\n\n\n\n<div class=\"wp-block-column\">\n<p class=\"has-text-align-center\"><strong>\u00c7ift Y\u00f6n 700 gr S\u0131vama Mat Selefonlu + Lakl\u0131+Oval Kesimli Kartvizit<\/strong><\/p>\n<\/div>\n<\/div>\n\n\n\n<div class=\"wp-block-columns\">\n<div class=\"wp-block-column\">\n<figure class=\"wp-block-image size-large\"><img loading=\"lazy\" width=\"1024\" height=\"310\" src=\"http:\/\/www.ozgulmatbaa.net\/wp-content\/uploads\/2021\/08\/KART-4-1-1024x310.png\" alt=\"\" class=\"wp-image-388\" srcset=\"https:\/\/www.ozgulmatbaa.net\/wp-content\/uploads\/2021\/08\/KART-4-1-1024x310.png 1024w, https:\/\/www.ozgulmatbaa.net\/wp-content\/uploads\/2021\/08\/KART-4-1-300x91.png 300w, https:\/\/www.ozgulmatbaa.net\/wp-content\/uploads\/2021\/08\/KART-4-1-768x233.png 768w, https:\/\/www.ozgulmatbaa.net\/wp-content\/uploads\/2021\/08\/KART-4-1.png 1232w\" sizes=\"(max-width: 1024px) 100vw, 1024px\" \/><figcaption>S\u0131vama Kartlar 2 Adet 300 gr. Ku\u015fe Ka\u011f\u0131d\u0131n<br>Tutkal yard\u0131m\u0131yla birbirine s\u0131vanmas\u0131yla olu\u015fmaktad\u0131r.<\/figcaption><\/figure>\n\n\n\n<p><\/p>\n<\/div>\n\n\n\n<div class=\"wp-block-column\">\n<figure class=\"wp-block-image size-large\"><img loading=\"lazy\" width=\"1024\" height=\"310\" src=\"http:\/\/www.ozgulmatbaa.net\/wp-content\/uploads\/2021\/08\/KART-5-1-1024x310.png\" alt=\"\" class=\"wp-image-387\" srcset=\"https:\/\/www.ozgulmatbaa.net\/wp-content\/uploads\/2021\/08\/KART-5-1-1024x310.png 1024w, https:\/\/www.ozgulmatbaa.net\/wp-content\/uploads\/2021\/08\/KART-5-1-300x91.png 300w, https:\/\/www.ozgulmatbaa.net\/wp-content\/uploads\/2021\/08\/KART-5-1-768x233.png 768w, https:\/\/www.ozgulmatbaa.net\/wp-content\/uploads\/2021\/08\/KART-5-1.png 1232w\" sizes=\"(max-width: 1024px) 100vw, 1024px\" \/><figcaption>S\u0131vama Kartlar 2 Adet 300 gr. Ku\u015fe Ka\u011f\u0131d\u0131n<br>Tutkal yard\u0131m\u0131yla birbirine s\u0131vanmas\u0131yla olu\u015fmaktad\u0131r. Firma ismi gibi se\u00e7ti\u011finiz b\u00f6lgeler parlak ve kabar\u0131kt\u0131r.<\/figcaption><\/figure>\n<\/div>\n\n\n\n<div class=\"wp-block-column\">\n<figure class=\"wp-block-image size-large\"><img loading=\"lazy\" width=\"1024\" height=\"308\" src=\"http:\/\/www.ozgulmatbaa.net\/wp-content\/uploads\/2021\/08\/KART-6-1-1024x308.png\" alt=\"\" class=\"wp-image-385\" srcset=\"https:\/\/www.ozgulmatbaa.net\/wp-content\/uploads\/2021\/08\/KART-6-1-1024x308.png 1024w, https:\/\/www.ozgulmatbaa.net\/wp-content\/uploads\/2021\/08\/KART-6-1-300x90.png 300w, https:\/\/www.ozgulmatbaa.net\/wp-content\/uploads\/2021\/08\/KART-6-1-768x231.png 768w, https:\/\/www.ozgulmatbaa.net\/wp-content\/uploads\/2021\/08\/KART-6-1.png 1230w\" sizes=\"(max-width: 1024px) 100vw, 1024px\" \/><figcaption>S\u0131vama Kartlar 2 Adet 300 gr. Ku\u015fe Ka\u011f\u0131d\u0131n<br>Tutkal yard\u0131m\u0131yla birbirine s\u0131vanmas\u0131yla olu\u015fmaktad\u0131r. Firma ismi gibi se\u00e7ti\u011finiz b\u00f6lgeler parlak ve kabar\u0131kt\u0131r.4 K\u00f6\u015fesi Oval Kesimlidir.<\/figcaption><\/figure>\n<\/div>\n<\/div>\n\n\n\n<div class=\"wp-block-columns\">\n<div class=\"wp-block-column\">\n<p class=\"has-text-align-center\"><strong>\u00c7ift Y\u00f6n 350 gr Mat Ku\u015fe<br>Alt\u0131n Varak Yald\u0131z Kartvizi<\/strong><\/p>\n<\/div>\n\n\n\n<div class=\"wp-block-column\">\n<p class=\"has-text-align-center\"><strong>\u00c7ift Y\u00f6n 350 gr Mat Ku\u015fe<br>G\u00fcm\u00fc\u015f Varak Yald\u0131z Kartvizit<\/strong><\/p>\n<\/div>\n\n\n\n<div class=\"wp-block-column\">\n<p class=\"has-text-align-center\"><strong>\u00c7ift Y\u00f6n 300 gr Fantazi Tuale Kartvizit<\/strong><br><\/p>\n<\/div>\n<\/div>\n\n\n\n<div class=\"wp-block-columns\">\n<div class=\"wp-block-column\">\n<figure class=\"wp-block-image size-large\"><img loading=\"lazy\" width=\"1024\" height=\"307\" src=\"http:\/\/www.ozgulmatbaa.net\/wp-content\/uploads\/2021\/08\/KART-10-1024x307.png\" alt=\"\" class=\"wp-image-190\" srcset=\"https:\/\/www.ozgulmatbaa.net\/wp-content\/uploads\/2021\/08\/KART-10-1024x307.png 1024w, https:\/\/www.ozgulmatbaa.net\/wp-content\/uploads\/2021\/08\/KART-10-300x90.png 300w, https:\/\/www.ozgulmatbaa.net\/wp-content\/uploads\/2021\/08\/KART-10-768x230.png 768w, https:\/\/www.ozgulmatbaa.net\/wp-content\/uploads\/2021\/08\/KART-10.png 1232w\" sizes=\"(max-width: 1024px) 100vw, 1024px\" \/><figcaption>Alt\u0131n Varak Yald\u0131z<\/figcaption><\/figure>\n<\/div>\n\n\n\n<div class=\"wp-block-column\">\n<figure class=\"wp-block-image size-large\"><img loading=\"lazy\" width=\"1024\" height=\"307\" src=\"http:\/\/www.ozgulmatbaa.net\/wp-content\/uploads\/2021\/08\/KART-11-1024x307.png\" alt=\"\" class=\"wp-image-193\" srcset=\"https:\/\/www.ozgulmatbaa.net\/wp-content\/uploads\/2021\/08\/KART-11-1024x307.png 1024w, https:\/\/www.ozgulmatbaa.net\/wp-content\/uploads\/2021\/08\/KART-11-300x90.png 300w, https:\/\/www.ozgulmatbaa.net\/wp-content\/uploads\/2021\/08\/KART-11-768x230.png 768w, https:\/\/www.ozgulmatbaa.net\/wp-content\/uploads\/2021\/08\/KART-11.png 1232w\" sizes=\"(max-width: 1024px) 100vw, 1024px\" \/><figcaption> G\u00fcm\u00fc\u015f Varak Yald\u0131z <\/figcaption><\/figure>\n<\/div>\n\n\n\n<div class=\"wp-block-column\">\n<figure class=\"wp-block-image size-large\"><img loading=\"lazy\" width=\"1024\" height=\"314\" src=\"http:\/\/www.ozgulmatbaa.net\/wp-content\/uploads\/2021\/08\/KART-12-1024x314.png\" alt=\"\" class=\"wp-image-191\" srcset=\"https:\/\/www.ozgulmatbaa.net\/wp-content\/uploads\/2021\/08\/KART-12-1024x314.png 1024w, https:\/\/www.ozgulmatbaa.net\/wp-content\/uploads\/2021\/08\/KART-12-300x92.png 300w, https:\/\/www.ozgulmatbaa.net\/wp-content\/uploads\/2021\/08\/KART-12-768x236.png 768w, https:\/\/www.ozgulmatbaa.net\/wp-content\/uploads\/2021\/08\/KART-12.png 1216w\" sizes=\"(max-width: 1024px) 100vw, 1024px\" \/><figcaption>Kendinden Desenli T\u0131rt\u0131kl\u0131 Ka\u011f\u0131da<br>bas\u0131lmaktad\u0131r.<\/figcaption><\/figure>\n<\/div>\n<\/div>\n","protected":false},"excerpt":{"rendered":"<p>G\u00fcn\u00fcm\u00fcz\u00fcn geli\u015fen teknolojisi ve imkanlar\u0131yla beraber Kartvizit se\u00e7enekleri de artm\u0131\u015f bulunmaktad\u0131r.Ka\u011f\u0131t cinsi ve gramaj\u0131ndan, \u00fczerine yap\u0131lan koruyucu laminasyon maddesi, Lak, Emboss Lak, Varak Yald\u0131z, Gofre gibi estetik se\u00e7enekleriyle g\u00fcn\u00fcm\u00fcz teknolojisinin izin verdi\u011fi t\u00fcm se\u00e7eneklerle Kartvizit bas\u0131m\u0131 yapabilmekteyiz. Tek Y\u00f6n 350 gr Mat Ku\u015feKartvizit Mat Selefonlu Kartvizit \u00c7ift Y\u00f6n 350 gr Mat Ku\u015feKartvizit Mat Selefonlu Kartvizit&hellip; <br \/> <a class=\"read-more\" href=\"https:\/\/www.ozgulmatbaa.net\/?page_id=95\">Devam\u0131<\/a><\/p>\n","protected":false},"author":1,"featured_media":0,"parent":0,"menu_order":0,"comment_status":"closed","ping_status":"closed","template":"page-templates\/homepage.php","meta":[],"_links":{"self":[{"href":"https:\/\/www.ozgulmatbaa.net\/index.php?rest_route=\/wp\/v2\/pages\/95"}],"collection":[{"href":"https:\/\/www.ozgulmatbaa.net\/index.php?rest_route=\/wp\/v2\/pages"}],"about":[{"href":"https:\/\/www.ozgulmatbaa.net\/index.php?rest_route=\/wp\/v2\/types\/page"}],"author":[{"embeddable":true,"href":"https:\/\/www.ozgulmatbaa.net\/index.php?rest_route=\/wp\/v2\/users\/1"}],"replies":[{"embeddable":true,"href":"https:\/\/www.ozgulmatbaa.net\/index.php?rest_route=%2Fwp%2Fv2%2Fcomments&post=95"}],"version-history":[{"count":12,"href":"https:\/\/www.ozgulmatbaa.net\/index.php?rest_route=\/wp\/v2\/pages\/95\/revisions"}],"predecessor-version":[{"id":395,"href":"https:\/\/www.ozgulmatbaa.net\/index.php?rest_route=\/wp\/v2\/pages\/95\/revisions\/395"}],"wp:attachment":[{"href":"https:\/\/www.ozgulmatbaa.net\/index.php?rest_route=%2Fwp%2Fv2%2Fmedia&parent=95"}],"curies":[{"name":"wp","href":"https:\/\/api.w.org\/{rel}","templated":true}]}}