{"id":97,"date":"2021-08-04T23:27:51","date_gmt":"2021-08-04T23:27:51","guid":{"rendered":"http:\/\/www.ozgulmatbaa.net\/?page_id=97"},"modified":"2021-08-08T11:27:04","modified_gmt":"2021-08-08T11:27:04","slug":"insert-katalog","status":"publish","type":"page","link":"https:\/\/www.ozgulmatbaa.net\/?page_id=97","title":{"rendered":"Insert Katalog"},"content":{"rendered":"\n<p class=\"has-text-align-center\">90 Gr. Ku\u015fe \/ 115 Gr. Ku\u015fe \/ 170 Gr. Ku\u015fe \/ 200 Gr. Ku\u015fe \/ 300 Gr. Ku\u015fe gibi<br>T\u00fcm gramajlardaki ka\u011f\u0131ltara 5 Renk Makinalarda Kusursuz bask\u0131 yap\u0131yoruz.<br>\u0130ste\u011finiz do\u011frultusunda K\u0131r\u0131m ve Selefon da yapma imkan\u0131na sahibiz<\/p>\n\n\n\n<p><\/p>\n\n\n\n<p class=\"has-text-align-center\"><strong>150 Gr. Parlak Ku\u015fe Ka\u011f\u0131da \u00c7ift Y\u00fcz Bask\u0131l\u0131 Pro Bro\u015f\u00fcr<\/strong><\/p>\n\n\n\n<figure class=\"wp-block-image size-large\"><img loading=\"lazy\" width=\"1024\" height=\"702\" src=\"http:\/\/www.ozgulmatbaa.net\/wp-content\/uploads\/2021\/08\/INSERT-1-1024x702.png\" alt=\"\" class=\"wp-image-242\" srcset=\"https:\/\/www.ozgulmatbaa.net\/wp-content\/uploads\/2021\/08\/INSERT-1-1024x702.png 1024w, https:\/\/www.ozgulmatbaa.net\/wp-content\/uploads\/2021\/08\/INSERT-1-300x206.png 300w, https:\/\/www.ozgulmatbaa.net\/wp-content\/uploads\/2021\/08\/INSERT-1-768x527.png 768w, https:\/\/www.ozgulmatbaa.net\/wp-content\/uploads\/2021\/08\/INSERT-1-1536x1053.png 1536w, https:\/\/www.ozgulmatbaa.net\/wp-content\/uploads\/2021\/08\/INSERT-1-2048x1404.png 2048w, https:\/\/www.ozgulmatbaa.net\/wp-content\/uploads\/2021\/08\/INSERT-1-1575x1080.png 1575w\" sizes=\"(max-width: 1024px) 100vw, 1024px\" \/><\/figure>\n\n\n\n<p><\/p>\n\n\n\n<p><\/p>\n\n\n\n<p class=\"has-text-align-center\"><strong>170 Gr. Parlak Ku\u015fe Ka\u011f\u0131da Mat Selefon Tek K\u0131r\u0131m Pro Bro\u015f\u00fcr<\/strong><\/p>\n\n\n\n<figure class=\"wp-block-image size-large\"><img loading=\"lazy\" width=\"1024\" height=\"527\" src=\"http:\/\/www.ozgulmatbaa.net\/wp-content\/uploads\/2021\/08\/INSERT-2-1024x527.png\" alt=\"\" class=\"wp-image-243\" srcset=\"https:\/\/www.ozgulmatbaa.net\/wp-content\/uploads\/2021\/08\/INSERT-2-1024x527.png 1024w, https:\/\/www.ozgulmatbaa.net\/wp-content\/uploads\/2021\/08\/INSERT-2-300x154.png 300w, https:\/\/www.ozgulmatbaa.net\/wp-content\/uploads\/2021\/08\/INSERT-2-768x395.png 768w, https:\/\/www.ozgulmatbaa.net\/wp-content\/uploads\/2021\/08\/INSERT-2-1536x790.png 1536w, https:\/\/www.ozgulmatbaa.net\/wp-content\/uploads\/2021\/08\/INSERT-2-2048x1053.png 2048w, https:\/\/www.ozgulmatbaa.net\/wp-content\/uploads\/2021\/08\/INSERT-2-1920x988.png 1920w\" sizes=\"(max-width: 1024px) 100vw, 1024px\" \/><\/figure>\n\n\n\n<p><\/p>\n\n\n\n<p class=\"has-text-align-center\"><strong>300 Gr. Mat Ku\u015fe Ka\u011f\u0131da \u00c7ift Y\u00fcz Bask\u0131l\u0131 Mat Selefonlu + Tek K\u0131r\u0131ml\u0131 Emboss Lakl\u0131 A3 Ultra Bro\u015f\u00fcr<\/strong><\/p>\n\n\n\n<figure class=\"wp-block-image size-large\"><img loading=\"lazy\" width=\"1024\" height=\"357\" src=\"http:\/\/www.ozgulmatbaa.net\/wp-content\/uploads\/2021\/08\/INSERT-3-1024x357.png\" alt=\"\" class=\"wp-image-244\" srcset=\"https:\/\/www.ozgulmatbaa.net\/wp-content\/uploads\/2021\/08\/INSERT-3-1024x357.png 1024w, https:\/\/www.ozgulmatbaa.net\/wp-content\/uploads\/2021\/08\/INSERT-3-300x105.png 300w, https:\/\/www.ozgulmatbaa.net\/wp-content\/uploads\/2021\/08\/INSERT-3-768x268.png 768w, https:\/\/www.ozgulmatbaa.net\/wp-content\/uploads\/2021\/08\/INSERT-3-1536x536.png 1536w, https:\/\/www.ozgulmatbaa.net\/wp-content\/uploads\/2021\/08\/INSERT-3-2048x715.png 2048w, https:\/\/www.ozgulmatbaa.net\/wp-content\/uploads\/2021\/08\/INSERT-3-1920x670.png 1920w\" sizes=\"(max-width: 1024px) 100vw, 1024px\" \/><\/figure>\n\n\n\n<p><\/p>\n\n\n\n<p class=\"has-text-align-center\"><strong>300 Gr. Mat Ku\u015fe Ka\u011f\u0131da \u00c7ift Y\u00fcz Bask\u0131l\u0131 Mat Selefonlu Lakl\u0131 A4 Ultra Bro\u015f\u00fcr<\/strong><\/p>\n\n\n\n<figure class=\"wp-block-image size-large\"><img loading=\"lazy\" width=\"1024\" height=\"693\" src=\"http:\/\/www.ozgulmatbaa.net\/wp-content\/uploads\/2021\/08\/INSERT-4-1024x693.png\" alt=\"\" class=\"wp-image-245\" srcset=\"https:\/\/www.ozgulmatbaa.net\/wp-content\/uploads\/2021\/08\/INSERT-4-1024x693.png 1024w, https:\/\/www.ozgulmatbaa.net\/wp-content\/uploads\/2021\/08\/INSERT-4-300x203.png 300w, https:\/\/www.ozgulmatbaa.net\/wp-content\/uploads\/2021\/08\/INSERT-4-768x519.png 768w, https:\/\/www.ozgulmatbaa.net\/wp-content\/uploads\/2021\/08\/INSERT-4-1536x1039.png 1536w, https:\/\/www.ozgulmatbaa.net\/wp-content\/uploads\/2021\/08\/INSERT-4-2048x1385.png 2048w, https:\/\/www.ozgulmatbaa.net\/wp-content\/uploads\/2021\/08\/INSERT-4-1597x1080.png 1597w\" sizes=\"(max-width: 1024px) 100vw, 1024px\" \/><\/figure>\n","protected":false},"excerpt":{"rendered":"<p>90 Gr. Ku\u015fe \/ 115 Gr. Ku\u015fe \/ 170 Gr. Ku\u015fe \/ 200 Gr. Ku\u015fe \/ 300 Gr. Ku\u015fe gibiT\u00fcm gramajlardaki ka\u011f\u0131ltara 5 Renk Makinalarda Kusursuz bask\u0131 yap\u0131yoruz.\u0130ste\u011finiz do\u011frultusunda K\u0131r\u0131m ve Selefon da yapma imkan\u0131na sahibiz 150 Gr. Parlak Ku\u015fe Ka\u011f\u0131da \u00c7ift Y\u00fcz Bask\u0131l\u0131 Pro Bro\u015f\u00fcr 170 Gr. Parlak Ku\u015fe Ka\u011f\u0131da Mat Selefon Tek K\u0131r\u0131m&hellip; <br \/> <a class=\"read-more\" href=\"https:\/\/www.ozgulmatbaa.net\/?page_id=97\">Devam\u0131<\/a><\/p>\n","protected":false},"author":1,"featured_media":0,"parent":0,"menu_order":0,"comment_status":"closed","ping_status":"closed","template":"","meta":[],"_links":{"self":[{"href":"https:\/\/www.ozgulmatbaa.net\/index.php?rest_route=\/wp\/v2\/pages\/97"}],"collection":[{"href":"https:\/\/www.ozgulmatbaa.net\/index.php?rest_route=\/wp\/v2\/pages"}],"about":[{"href":"https:\/\/www.ozgulmatbaa.net\/index.php?rest_route=\/wp\/v2\/types\/page"}],"author":[{"embeddable":true,"href":"https:\/\/www.ozgulmatbaa.net\/index.php?rest_route=\/wp\/v2\/users\/1"}],"replies":[{"embeddable":true,"href":"https:\/\/www.ozgulmatbaa.net\/index.php?rest_route=%2Fwp%2Fv2%2Fcomments&post=97"}],"version-history":[{"count":3,"href":"https:\/\/www.ozgulmatbaa.net\/index.php?rest_route=\/wp\/v2\/pages\/97\/revisions"}],"predecessor-version":[{"id":246,"href":"https:\/\/www.ozgulmatbaa.net\/index.php?rest_route=\/wp\/v2\/pages\/97\/revisions\/246"}],"wp:attachment":[{"href":"https:\/\/www.ozgulmatbaa.net\/index.php?rest_route=%2Fwp%2Fv2%2Fmedia&parent=97"}],"curies":[{"name":"wp","href":"https:\/\/api.w.org\/{rel}","templated":true}]}}